{"id":786,"date":"2023-02-10T14:22:40","date_gmt":"2023-02-10T14:22:40","guid":{"rendered":"https:\/\/relvasnunesluz.com\/?page_id=786"},"modified":"2023-05-25T08:55:41","modified_gmt":"2023-05-25T08:55:41","slug":"infraestruturas-enterradas","status":"publish","type":"page","link":"https:\/\/relvasnunesluz.com\/en\/underground-infrastructure\/","title":{"rendered":"Underground infrastructures"},"content":{"rendered":"<div id=\"pl-gb786-69e8a4f129864\"  class=\"panel-layout\" ><div id=\"pg-gb786-69e8a4f129864-0\"  class=\"panel-grid panel-no-style\" ><div id=\"pgc-gb786-69e8a4f129864-0-0\"  class=\"panel-grid-cell\" ><div id=\"panel-gb786-69e8a4f129864-0-0-0\" class=\"so-panel widget widget_media_image panel-first-child panel-last-child\" data-index=\"0\" ><div style=\"width: 1034px\" class=\"wp-caption alignnone\"><img loading=\"lazy\" decoding=\"async\" width=\"1024\" height=\"768\" src=\"https:\/\/relvasnunesluz.com\/wp-content\/uploads\/2023\/02\/IMG_6471.jpeg\" class=\"image wp-image-964  attachment-full size-full\" alt=\"\" style=\"max-width: 100%; height: auto;\" srcset=\"https:\/\/relvasnunesluz.com\/wp-content\/uploads\/2023\/02\/IMG_6471.jpeg 1024w, https:\/\/relvasnunesluz.com\/wp-content\/uploads\/2023\/02\/IMG_6471-300x225.jpeg 300w, https:\/\/relvasnunesluz.com\/wp-content\/uploads\/2023\/02\/IMG_6471-768x576.jpeg 768w\" sizes=\"auto, (max-width: 1024px) 100vw, 1024px\" \/><p class=\"wp-caption-text\">Ductile cast iron water mains piping<\/p><\/div><\/div><\/div><div id=\"pgc-gb786-69e8a4f129864-0-1\"  class=\"panel-grid-cell\" ><div id=\"panel-gb786-69e8a4f129864-0-1-0\" class=\"so-panel widget widget_black-studio-tinymce widget_black_studio_tinymce panel-first-child panel-last-child\" data-index=\"1\" ><div class=\"textwidget\"><p><strong>Water Supply, Sanitary Sewer, and Wastewater Networks<\/strong><\/p>\n<p align=\"justify\">Relvas Nunes &amp; Luz has extensive experience in the construction and maintenance of underground infrastructures, such as drinking water supply networks, sanitation, sewage, and irrigation systems. Through our partners, we can also construct electricity networks.<\/p>\n<p align=\"justify\">Request a proposal from Relvas, Nunes e Luz for the construction of water supply, sewer, and sanitation networks.<\/p>\n<p><a href=\"https:\/\/relvasnunesluz.com\/en\/contacts\/\">Contact us!<\/a><\/p>\n<p><a href=\"https:\/\/www.facebook.com\/profile.php?id=100072009698854\">Follow us on Facebook!<\/a><\/p>\n<\/div><\/div><\/div><\/div><div id=\"pg-gb786-69e8a4f129864-1\"  class=\"panel-grid panel-no-style\" ><div id=\"pgc-gb786-69e8a4f129864-1-0\"  class=\"panel-grid-cell\" ><div id=\"panel-gb786-69e8a4f129864-1-0-0\" class=\"so-panel widget widget_media_image panel-first-child panel-last-child\" data-index=\"2\" ><div style=\"width: 1034px\" class=\"wp-caption alignnone\"><img loading=\"lazy\" decoding=\"async\" width=\"1024\" height=\"768\" src=\"https:\/\/relvasnunesluz.com\/wp-content\/uploads\/2023\/02\/IMG_8194-3.jpeg\" class=\"image wp-image-965  attachment-full size-full\" alt=\"\" style=\"max-width: 100%; height: auto;\" srcset=\"https:\/\/relvasnunesluz.com\/wp-content\/uploads\/2023\/02\/IMG_8194-3.jpeg 1024w, https:\/\/relvasnunesluz.com\/wp-content\/uploads\/2023\/02\/IMG_8194-3-300x225.jpeg 300w, https:\/\/relvasnunesluz.com\/wp-content\/uploads\/2023\/02\/IMG_8194-3-768x576.jpeg 768w\" sizes=\"auto, (max-width: 1024px) 100vw, 1024px\" \/><p class=\"wp-caption-text\">Installation of water supply network<\/p><\/div><\/div><\/div><div id=\"pgc-gb786-69e8a4f129864-1-1\"  class=\"panel-grid-cell\" ><div id=\"panel-gb786-69e8a4f129864-1-1-0\" class=\"so-panel widget widget_media_image panel-first-child panel-last-child\" data-index=\"3\" ><div style=\"width: 1034px\" class=\"wp-caption alignnone\"><img loading=\"lazy\" decoding=\"async\" width=\"1024\" height=\"768\" src=\"https:\/\/relvasnunesluz.com\/wp-content\/uploads\/2023\/02\/residuais.jpeg\" class=\"image wp-image-967  attachment-full size-full\" alt=\"\" style=\"max-width: 100%; height: auto;\" srcset=\"https:\/\/relvasnunesluz.com\/wp-content\/uploads\/2023\/02\/residuais.jpeg 1024w, https:\/\/relvasnunesluz.com\/wp-content\/uploads\/2023\/02\/residuais-300x225.jpeg 300w, https:\/\/relvasnunesluz.com\/wp-content\/uploads\/2023\/02\/residuais-768x576.jpeg 768w\" sizes=\"auto, (max-width: 1024px) 100vw, 1024px\" \/><p class=\"wp-caption-text\">Sewer network inspection chamber<\/p><\/div><\/div><\/div><\/div><div id=\"pg-gb786-69e8a4f129864-2\"  class=\"panel-grid panel-no-style\" ><div id=\"pgc-gb786-69e8a4f129864-2-0\"  class=\"panel-grid-cell\" ><div id=\"panel-gb786-69e8a4f129864-2-0-0\" class=\"so-panel widget widget_black-studio-tinymce widget_black_studio_tinymce panel-first-child panel-last-child\" data-index=\"4\" ><div class=\"textwidget\"><p><strong>Service box<\/strong><\/p>\n<ul>\n<li>Water supply;<\/li>\n<li>Sanitation;<\/li>\n<li>Stormwater networks;<\/li>\n<li>Domestic sewage;<\/li>\n<li>Underground infrastructures.<\/li>\n<\/ul>\n<p>For infrastructure construction services, Relvas Nunes e Luz operates in several locations, including Almancil, Quinta do Lago, Anc\u00e3o, Garr\u00e3o, Vale do Lobo, Altura, Praia Verde, Santa B\u00e1rbara de Nexe, Soalheira, Vilamoura, Quarteira, Boliqueime, Estoi, Moncarapacho, Montenegro, and Fuzeta.<\/p>\n<p>Our area of operation is located in the Algarve region and mainly covers the municipalities of S\u00e3o Br\u00e1s de Alportel, Loul\u00e9, Faro, Olh\u00e3o, Tavira, Vila Real de Santo Ant\u00f3nio, and Albufeira.<\/p>\n<p><strong>Infrastructure services<\/strong><\/p>\n<ul>\n<li>Drinking water networks<\/li>\n<li>Irrigation and irrigation networks<\/li>\n<li>Sanitation;<\/li>\n<li>Stormwater networks<\/li>\n<li>Domestic sewage<\/li>\n<li>Underground infrastructures<\/li>\n<li>Inspection chambers<\/li>\n<li>Gutters<\/li>\n<li>Sumps<\/li>\n<li>Installation of pipes<\/li>\n<li>Surveys for infrastructure location<\/li>\n<li>Excavation for underground water tanks<\/li>\n<li>Trenching for electricity and telecommunications networks<\/li>\n<li>Boreholes<\/li>\n<li>Drainage trenches<\/li>\n<li>Water tanks<\/li>\n<\/ul>\n<\/div><\/div><\/div><div id=\"pgc-gb786-69e8a4f129864-2-1\"  class=\"panel-grid-cell\" ><div id=\"panel-gb786-69e8a4f129864-2-1-0\" class=\"so-panel widget widget_media_image panel-first-child panel-last-child\" data-index=\"5\" ><div style=\"width: 778px\" class=\"wp-caption alignnone\"><img loading=\"lazy\" decoding=\"async\" width=\"640\" height=\"853\" src=\"https:\/\/relvasnunesluz.com\/wp-content\/uploads\/2023\/02\/IMG_6062-copy-768x1024.jpeg\" class=\"image wp-image-963  attachment-large size-large\" alt=\"\" style=\"max-width: 100%; height: auto;\" srcset=\"https:\/\/relvasnunesluz.com\/wp-content\/uploads\/2023\/02\/IMG_6062-copy-768x1024.jpeg 768w, https:\/\/relvasnunesluz.com\/wp-content\/uploads\/2023\/02\/IMG_6062-copy-225x300.jpeg 225w, https:\/\/relvasnunesluz.com\/wp-content\/uploads\/2023\/02\/IMG_6062-copy.jpeg 1024w\" sizes=\"auto, (max-width: 640px) 100vw, 640px\" \/><p class=\"wp-caption-text\">Assembly of T and valves in ductile iron water supply networks. <\/p><\/div><\/div><\/div><\/div><\/div>","protected":false},"excerpt":{"rendered":"<p>Abastecimento de \u00e1gua, redes de saneamento e esgotos A\u00a0 Relvas Nunes &amp; Luz tem uma larga experi\u00eancia na constru\u00e7\u00e3o e manuten\u00e7\u00e3o de infraestruturas enterradas, tais como redes de abastecimento de \u00e1gua pot\u00e1vel, saneamento, esgotos e redes de rega. Atrav\u00e9s dos nossos parceiros poderemos tamb\u00e9m construir redes de eletricidade. Pe\u00e7a proposta \u00e0\u00a0 Relvas, Nunes e Luz [&hellip;]<\/p>","protected":false},"author":1,"featured_media":964,"parent":0,"menu_order":0,"comment_status":"closed","ping_status":"closed","template":"","meta":{"footnotes":""},"class_list":["post-786","page","type-page","status-publish","has-post-thumbnail","hentry"],"yoast_head":"<!-- This site is optimized with the Yoast SEO plugin v27.4 - https:\/\/yoast.com\/product\/yoast-seo-wordpress\/ -->\n<title>Infraestruturas enterradas - Relvas Nunes &amp; Luz, lda<\/title>\n<meta name=\"description\" content=\"Temos uma larga experi\u00eancia na constru\u00e7\u00e3o e manuten\u00e7\u00e3o de infraestruturas enterradas, tais como: redes de abastecimento de \u00e1gua pot\u00e1vel, saneamento, esgotos e redes de rega. Atrav\u00e9s dos nossos parceiros poderemos tamb\u00e9m construir redes de eletricidade.\" \/>\n<meta name=\"robots\" content=\"index, follow, max-snippet:-1, max-image-preview:large, max-video-preview:-1\" \/>\n<link rel=\"canonical\" href=\"https:\/\/relvasnunesluz.com\/en\/underground-infrastructure\/\" \/>\n<meta property=\"og:locale\" content=\"en_US\" \/>\n<meta property=\"og:type\" content=\"article\" \/>\n<meta property=\"og:title\" content=\"Infraestruturas enterradas - Relvas Nunes &amp; Luz, lda\" \/>\n<meta property=\"og:description\" content=\"Temos uma larga experi\u00eancia na constru\u00e7\u00e3o e manuten\u00e7\u00e3o de infraestruturas enterradas, tais como: redes de abastecimento de \u00e1gua pot\u00e1vel, saneamento, esgotos e redes de rega. Atrav\u00e9s dos nossos parceiros poderemos tamb\u00e9m construir redes de eletricidade.\" \/>\n<meta property=\"og:url\" content=\"https:\/\/relvasnunesluz.com\/en\/underground-infrastructure\/\" \/>\n<meta property=\"og:site_name\" content=\"Relvas Nunes &amp; Luz, lda\" \/>\n<meta property=\"article:modified_time\" content=\"2023-05-25T08:55:41+00:00\" \/>\n<meta property=\"og:image\" content=\"https:\/\/relvasnunesluz.com\/wp-content\/uploads\/2023\/02\/IMG_6471.jpeg\" \/>\n\t<meta property=\"og:image:width\" content=\"1024\" \/>\n\t<meta property=\"og:image:height\" content=\"768\" \/>\n\t<meta property=\"og:image:type\" content=\"image\/jpeg\" \/>\n<meta name=\"twitter:card\" content=\"summary_large_image\" \/>\n<meta name=\"twitter:label1\" content=\"Est. reading time\" \/>\n\t<meta name=\"twitter:data1\" content=\"3 minutes\" \/>\n<script type=\"application\/ld+json\" class=\"yoast-schema-graph\">{\"@context\":\"https:\\\/\\\/schema.org\",\"@graph\":[{\"@type\":\"WebPage\",\"@id\":\"https:\\\/\\\/relvasnunesluz.com\\\/infraestruturas-enterradas\\\/\",\"url\":\"https:\\\/\\\/relvasnunesluz.com\\\/infraestruturas-enterradas\\\/\",\"name\":\"Infraestruturas enterradas - Relvas Nunes &amp; Luz, lda\",\"isPartOf\":{\"@id\":\"https:\\\/\\\/relvasnunesluz.com\\\/#website\"},\"primaryImageOfPage\":{\"@id\":\"https:\\\/\\\/relvasnunesluz.com\\\/infraestruturas-enterradas\\\/#primaryimage\"},\"image\":{\"@id\":\"https:\\\/\\\/relvasnunesluz.com\\\/infraestruturas-enterradas\\\/#primaryimage\"},\"thumbnailUrl\":\"https:\\\/\\\/relvasnunesluz.com\\\/wp-content\\\/uploads\\\/2023\\\/02\\\/IMG_6471.jpeg\",\"datePublished\":\"2023-02-10T14:22:40+00:00\",\"dateModified\":\"2023-05-25T08:55:41+00:00\",\"description\":\"Temos uma larga experi\u00eancia na constru\u00e7\u00e3o e manuten\u00e7\u00e3o de infraestruturas enterradas, tais como: redes de abastecimento de \u00e1gua pot\u00e1vel, saneamento, esgotos e redes de rega. Atrav\u00e9s dos nossos parceiros poderemos tamb\u00e9m construir redes de eletricidade.\",\"breadcrumb\":{\"@id\":\"https:\\\/\\\/relvasnunesluz.com\\\/infraestruturas-enterradas\\\/#breadcrumb\"},\"inLanguage\":\"en-US\",\"potentialAction\":[{\"@type\":\"ReadAction\",\"target\":[\"https:\\\/\\\/relvasnunesluz.com\\\/infraestruturas-enterradas\\\/\"]}]},{\"@type\":\"ImageObject\",\"inLanguage\":\"en-US\",\"@id\":\"https:\\\/\\\/relvasnunesluz.com\\\/infraestruturas-enterradas\\\/#primaryimage\",\"url\":\"https:\\\/\\\/relvasnunesluz.com\\\/wp-content\\\/uploads\\\/2023\\\/02\\\/IMG_6471.jpeg\",\"contentUrl\":\"https:\\\/\\\/relvasnunesluz.com\\\/wp-content\\\/uploads\\\/2023\\\/02\\\/IMG_6471.jpeg\",\"width\":1024,\"height\":768},{\"@type\":\"BreadcrumbList\",\"@id\":\"https:\\\/\\\/relvasnunesluz.com\\\/infraestruturas-enterradas\\\/#breadcrumb\",\"itemListElement\":[{\"@type\":\"ListItem\",\"position\":1,\"name\":\"Home\",\"item\":\"https:\\\/\\\/relvasnunesluz.com\\\/\"},{\"@type\":\"ListItem\",\"position\":2,\"name\":\"Infraestruturas enterradas\"}]},{\"@type\":\"WebSite\",\"@id\":\"https:\\\/\\\/relvasnunesluz.com\\\/#website\",\"url\":\"https:\\\/\\\/relvasnunesluz.com\\\/\",\"name\":\"Relvas Nunes &amp; Luz, lda\",\"description\":\"Empresa de Constru\u00e7\u00e3o Civil\",\"potentialAction\":[{\"@type\":\"SearchAction\",\"target\":{\"@type\":\"EntryPoint\",\"urlTemplate\":\"https:\\\/\\\/relvasnunesluz.com\\\/?s={search_term_string}\"},\"query-input\":{\"@type\":\"PropertyValueSpecification\",\"valueRequired\":true,\"valueName\":\"search_term_string\"}}],\"inLanguage\":\"en-US\"}]}<\/script>\n<!-- \/ Yoast SEO plugin. -->","yoast_head_json":{"title":"Infraestruturas enterradas - Relvas Nunes &amp; Luz, lda","description":"Temos uma larga experi\u00eancia na constru\u00e7\u00e3o e manuten\u00e7\u00e3o de infraestruturas enterradas, tais como: redes de abastecimento de \u00e1gua pot\u00e1vel, saneamento, esgotos e redes de rega. Atrav\u00e9s dos nossos parceiros poderemos tamb\u00e9m construir redes de eletricidade.","robots":{"index":"index","follow":"follow","max-snippet":"max-snippet:-1","max-image-preview":"max-image-preview:large","max-video-preview":"max-video-preview:-1"},"canonical":"https:\/\/relvasnunesluz.com\/en\/underground-infrastructure\/","og_locale":"en_US","og_type":"article","og_title":"Infraestruturas enterradas - Relvas Nunes &amp; Luz, lda","og_description":"Temos uma larga experi\u00eancia na constru\u00e7\u00e3o e manuten\u00e7\u00e3o de infraestruturas enterradas, tais como: redes de abastecimento de \u00e1gua pot\u00e1vel, saneamento, esgotos e redes de rega. Atrav\u00e9s dos nossos parceiros poderemos tamb\u00e9m construir redes de eletricidade.","og_url":"https:\/\/relvasnunesluz.com\/en\/underground-infrastructure\/","og_site_name":"Relvas Nunes &amp; Luz, lda","article_modified_time":"2023-05-25T08:55:41+00:00","og_image":[{"width":1024,"height":768,"url":"https:\/\/relvasnunesluz.com\/wp-content\/uploads\/2023\/02\/IMG_6471.jpeg","type":"image\/jpeg"}],"twitter_card":"summary_large_image","twitter_misc":{"Est. reading time":"3 minutes"},"schema":{"@context":"https:\/\/schema.org","@graph":[{"@type":"WebPage","@id":"https:\/\/relvasnunesluz.com\/infraestruturas-enterradas\/","url":"https:\/\/relvasnunesluz.com\/infraestruturas-enterradas\/","name":"Infraestruturas enterradas - Relvas Nunes &amp; Luz, lda","isPartOf":{"@id":"https:\/\/relvasnunesluz.com\/#website"},"primaryImageOfPage":{"@id":"https:\/\/relvasnunesluz.com\/infraestruturas-enterradas\/#primaryimage"},"image":{"@id":"https:\/\/relvasnunesluz.com\/infraestruturas-enterradas\/#primaryimage"},"thumbnailUrl":"https:\/\/relvasnunesluz.com\/wp-content\/uploads\/2023\/02\/IMG_6471.jpeg","datePublished":"2023-02-10T14:22:40+00:00","dateModified":"2023-05-25T08:55:41+00:00","description":"Temos uma larga experi\u00eancia na constru\u00e7\u00e3o e manuten\u00e7\u00e3o de infraestruturas enterradas, tais como: redes de abastecimento de \u00e1gua pot\u00e1vel, saneamento, esgotos e redes de rega. Atrav\u00e9s dos nossos parceiros poderemos tamb\u00e9m construir redes de eletricidade.","breadcrumb":{"@id":"https:\/\/relvasnunesluz.com\/infraestruturas-enterradas\/#breadcrumb"},"inLanguage":"en-US","potentialAction":[{"@type":"ReadAction","target":["https:\/\/relvasnunesluz.com\/infraestruturas-enterradas\/"]}]},{"@type":"ImageObject","inLanguage":"en-US","@id":"https:\/\/relvasnunesluz.com\/infraestruturas-enterradas\/#primaryimage","url":"https:\/\/relvasnunesluz.com\/wp-content\/uploads\/2023\/02\/IMG_6471.jpeg","contentUrl":"https:\/\/relvasnunesluz.com\/wp-content\/uploads\/2023\/02\/IMG_6471.jpeg","width":1024,"height":768},{"@type":"BreadcrumbList","@id":"https:\/\/relvasnunesluz.com\/infraestruturas-enterradas\/#breadcrumb","itemListElement":[{"@type":"ListItem","position":1,"name":"Home","item":"https:\/\/relvasnunesluz.com\/"},{"@type":"ListItem","position":2,"name":"Infraestruturas enterradas"}]},{"@type":"WebSite","@id":"https:\/\/relvasnunesluz.com\/#website","url":"https:\/\/relvasnunesluz.com\/","name":"Relvas Nunes &amp; Luz, lda","description":"Empresa de Constru\u00e7\u00e3o Civil","potentialAction":[{"@type":"SearchAction","target":{"@type":"EntryPoint","urlTemplate":"https:\/\/relvasnunesluz.com\/?s={search_term_string}"},"query-input":{"@type":"PropertyValueSpecification","valueRequired":true,"valueName":"search_term_string"}}],"inLanguage":"en-US"}]}},"_links":{"self":[{"href":"https:\/\/relvasnunesluz.com\/en\/wp-json\/wp\/v2\/pages\/786","targetHints":{"allow":["GET"]}}],"collection":[{"href":"https:\/\/relvasnunesluz.com\/en\/wp-json\/wp\/v2\/pages"}],"about":[{"href":"https:\/\/relvasnunesluz.com\/en\/wp-json\/wp\/v2\/types\/page"}],"author":[{"embeddable":true,"href":"https:\/\/relvasnunesluz.com\/en\/wp-json\/wp\/v2\/users\/1"}],"replies":[{"embeddable":true,"href":"https:\/\/relvasnunesluz.com\/en\/wp-json\/wp\/v2\/comments?post=786"}],"version-history":[{"count":26,"href":"https:\/\/relvasnunesluz.com\/en\/wp-json\/wp\/v2\/pages\/786\/revisions"}],"predecessor-version":[{"id":1292,"href":"https:\/\/relvasnunesluz.com\/en\/wp-json\/wp\/v2\/pages\/786\/revisions\/1292"}],"wp:featuredmedia":[{"embeddable":true,"href":"https:\/\/relvasnunesluz.com\/en\/wp-json\/wp\/v2\/media\/964"}],"wp:attachment":[{"href":"https:\/\/relvasnunesluz.com\/en\/wp-json\/wp\/v2\/media?parent=786"}],"curies":[{"name":"wp","href":"https:\/\/api.w.org\/{rel}","templated":true}]}}