{"id":784,"date":"2023-02-10T14:22:01","date_gmt":"2023-02-10T14:22:01","guid":{"rendered":"https:\/\/relvasnunesluz.com\/?page_id=784"},"modified":"2024-05-07T13:23:00","modified_gmt":"2024-05-07T13:23:00","slug":"estradas-e-passeios","status":"publish","type":"page","link":"https:\/\/relvasnunesluz.com\/en\/roads-and-sidewalks\/","title":{"rendered":"Roads and sidewalks"},"content":{"rendered":"<div class=\"wp-block-siteorigin-panels-layout-block\">\n<div id=\"pl-784\" class=\"panel-layout\">\n<div id=\"pg-784-0\" class=\"panel-grid panel-no-style\">\n<div id=\"pgc-784-0-0\" class=\"panel-grid-cell\">\n<div id=\"panel-784-0-0-0\" class=\"so-panel widget widget_media_image panel-first-child panel-last-child\" data-index=\"0\">\n<div class=\"wp-caption alignnone\" style=\"width: 1034px;\"><img loading=\"lazy\" decoding=\"async\" class=\"image wp-image-944  attachment-full size-full\" style=\"max-width: 100%; height: auto;\" src=\"https:\/\/relvasnunesluz.com\/wp-content\/uploads\/2023\/02\/IMG_2009.jpeg\" sizes=\"auto, (max-width: 1024px) 100vw, 1024px\" srcset=\"https:\/\/relvasnunesluz.com\/wp-content\/uploads\/2023\/02\/IMG_2009.jpeg 1024w, https:\/\/relvasnunesluz.com\/wp-content\/uploads\/2023\/02\/IMG_2009-300x225.jpeg 300w, https:\/\/relvasnunesluz.com\/wp-content\/uploads\/2023\/02\/IMG_2009-768x576.jpeg 768w\" alt=\"\" width=\"1024\" height=\"768\" \/><\/p>\n<p class=\"wp-caption-text\">Construction of a Concrete Road<\/p>\n<\/div>\n<\/div>\n<\/div>\n<div id=\"pgc-784-0-1\" class=\"panel-grid-cell\">\n<div id=\"panel-784-0-1-0\" class=\"so-panel widget widget_black-studio-tinymce widget_black_studio_tinymce panel-first-child panel-last-child\" data-index=\"1\">\n<div class=\"textwidget\">\n<p align=\"justify\">Relvas, Nunes e Luz has many years of experience in the construction and repair of roads, parking lots, rural roads, and accessibility paths.<\/p>\n<p align=\"justify\">We build using various types of pavements: concrete, asphalt, cobblestone, sidewalk, permeable pavement. We also create paths and accessibility with crushed stone, gravel, and permeable pavements. We also have experience in constructing sidewalks and curbs.<\/p>\n<p><a href=\"https:\/\/relvasnunesluz.com\/en\/contacts\/\">Contact us!<\/a><\/p>\n<p><a href=\"https:\/\/www.facebook.com\/profile.php?id=100072009698854\">Follow us on Facebook!<\/a><\/p>\n<\/div>\n<\/div>\n<\/div>\n<\/div>\n<div id=\"pg-784-1\" class=\"panel-grid panel-no-style\">\n<div id=\"pgc-784-1-0\" class=\"panel-grid-cell\">\n<div id=\"panel-784-1-0-0\" class=\"so-panel widget widget_black-studio-tinymce widget_black_studio_tinymce panel-first-child panel-last-child\" data-index=\"2\">\n<div class=\"textwidget\">\n<p align=\"justify\">If you want to build a parking lot, a road, or rural and forest paths in the municipalities of S\u00e3o Br\u00e1s de Alportel, Loul\u00e9, Faro, Olh\u00e3o, Tavira, Vila Real de Santo Ant\u00f3nio, and Albufeira, please request a proposal from us.<\/p>\n<p align=\"justify\">Some of the places where we have already carried out projects are Almancil; Quinta do Lago; Anc\u00e3o; Garr\u00e3o; Vale do Lobo; Height; Green Beach; Santa Barbara de Nexe; Sunny; Vilamoura and Quarteira, Boliqueime.<\/p>\n<p align=\"justify\"><strong>Our Services:<\/strong><\/p>\n<p align=\"justify\">Roads \/ Access \/ Sidewalks \/ Pavet \/ Sidewalk \/ Concrete \/ Permeable pavements \/ Roads \/ Sidewalks \/ Dirt roads.<\/p>\n<\/div>\n<\/div>\n<\/div>\n<div id=\"pgc-784-1-1\" class=\"panel-grid-cell\">\n<div id=\"panel-784-1-1-0\" class=\"so-panel widget widget_media_image panel-first-child panel-last-child\" data-index=\"3\">\n<div class=\"wp-caption alignnone\" style=\"width: 1034px;\"><img loading=\"lazy\" decoding=\"async\" class=\"image wp-image-945  attachment-full size-full\" style=\"max-width: 100%; height: auto;\" src=\"https:\/\/relvasnunesluz.com\/wp-content\/uploads\/2023\/02\/IMG_7881.jpeg\" sizes=\"auto, (max-width: 1024px) 100vw, 1024px\" srcset=\"https:\/\/relvasnunesluz.com\/wp-content\/uploads\/2023\/02\/IMG_7881.jpeg 1024w, https:\/\/relvasnunesluz.com\/wp-content\/uploads\/2023\/02\/IMG_7881-300x225.jpeg 300w, https:\/\/relvasnunesluz.com\/wp-content\/uploads\/2023\/02\/IMG_7881-768x576.jpeg 768w\" alt=\"\" width=\"1024\" height=\"768\" \/><\/p>\n<p class=\"wp-caption-text\">Sidewalk with Sienito Stone Cobblestone<\/p>\n<\/div>\n<\/div>\n<\/div>\n<\/div>\n<div id=\"pg-784-2\" class=\"panel-grid panel-no-style\">\n<div id=\"pgc-784-2-0\" class=\"panel-grid-cell\">\n<div id=\"panel-784-2-0-0\" class=\"so-panel widget widget_black-studio-tinymce widget_black_studio_tinymce panel-first-child\" data-index=\"4\">\n<div class=\"textwidget\">For road construction services, access, sidewalks and parking lots, Relvas Nunes e Luz operates in several locations: Almancil; Quinta do Lago; Anc\u00e3o; Garr\u00e3o; Vale do Lobo; Height; Green Beach; Santa B\u00e1rbara de Nexe; Sunny; Vilamoura; Quarteira, Boliqueime, Estoi, Moncarapacho, Montenegro and Fuzeta. Our area of operation is located in the Algarve and preferably encompasses the municipalities of S\u00e3o Br\u00e1s de Alportel; Loul\u00e9; Faro; Olh\u00e3o; Tavira; Vila Real de Santo Ant\u00f3nio and Albufeira. <strong>Accessibility Construction Services:<\/strong> \u2022 Roads and streets \u2022 Forest paths and rural access \u2022 Access to land \u2022 Car parks \u2022 Concrete pavements \u2022 Gravel access \u2022 Cobbled roads and sidewalks \u2022 Paved roads and sidewalks \u2022 Delivery and spreading of gravel \u2022 Spreading and compaction tout- venant \u2022 Permeable pavements \u2022 Tout-venant access \u2022 Dirt earth access \u2022 Damping pavement \u2022 Geotextile blanket \u2022 Weed protection screen \u2022 Sidewalks \u2022 Slabs \u2022 Stone curb \u2022 Concrete curb \u2022 Access paths on land \u2022 Regularization and compaction of bases \u2022 Root sanitation (repair of sidewalks and roads damaged by tree roots)<\/div>\n<\/div>\n<div id=\"panel-784-2-0-1\" class=\"so-panel widget widget_media_image panel-last-child\" data-index=\"5\">\n<div class=\"wp-caption alignnone\" style=\"width: 2570px;\"><img loading=\"lazy\" decoding=\"async\" class=\"image wp-image-1314  attachment-full size-full\" style=\"max-width: 100%; height: auto;\" src=\"https:\/\/relvasnunesluz.com\/wp-content\/uploads\/2023\/05\/passeio-pavet-Tavira-scaled.jpg\" sizes=\"auto, (max-width: 2560px) 100vw, 2560px\" srcset=\"https:\/\/relvasnunesluz.com\/wp-content\/uploads\/2023\/05\/passeio-pavet-Tavira-scaled.jpg 2560w, https:\/\/relvasnunesluz.com\/wp-content\/uploads\/2023\/05\/passeio-pavet-Tavira-300x225.jpg 300w, https:\/\/relvasnunesluz.com\/wp-content\/uploads\/2023\/05\/passeio-pavet-Tavira-1024x768.jpg 1024w, https:\/\/relvasnunesluz.com\/wp-content\/uploads\/2023\/05\/passeio-pavet-Tavira-768x576.jpg 768w, https:\/\/relvasnunesluz.com\/wp-content\/uploads\/2023\/05\/passeio-pavet-Tavira-1536x1152.jpg 1536w, https:\/\/relvasnunesluz.com\/wp-content\/uploads\/2023\/05\/passeio-pavet-Tavira-2048x1536.jpg 2048w\" alt=\"\" width=\"2560\" height=\"1920\" \/><\/p>\n<p class=\"wp-caption-text\">Sidewalk with Pavers<\/p>\n<\/div>\n<\/div>\n<\/div>\n<div id=\"pgc-784-2-1\" class=\"panel-grid-cell\">\n<div id=\"panel-784-2-1-0\" class=\"so-panel widget widget_media_image panel-first-child\" data-index=\"6\">\n<div class=\"wp-caption alignnone\" style=\"width: 1034px;\"><img loading=\"lazy\" decoding=\"async\" class=\"image wp-image-943  attachment-full size-full\" style=\"max-width: 100%; height: auto;\" src=\"https:\/\/relvasnunesluz.com\/wp-content\/uploads\/2023\/02\/IMG_1618-1.jpeg\" sizes=\"auto, (max-width: 1024px) 100vw, 1024px\" srcset=\"https:\/\/relvasnunesluz.com\/wp-content\/uploads\/2023\/02\/IMG_1618-1.jpeg 1024w, https:\/\/relvasnunesluz.com\/wp-content\/uploads\/2023\/02\/IMG_1618-1-300x225.jpeg 300w, https:\/\/relvasnunesluz.com\/wp-content\/uploads\/2023\/02\/IMG_1618-1-768x576.jpeg 768w\" alt=\"\" width=\"1024\" height=\"768\" \/><\/p>\n<p class=\"wp-caption-text\">Road with Crushed Stone (Tout-Venant)<\/p>\n<\/div>\n<\/div>\n<div id=\"panel-784-2-1-1\" class=\"so-panel widget widget_media_image\" data-index=\"7\">\n<div class=\"wp-caption alignnone\" style=\"width: 1034px;\"><img loading=\"lazy\" decoding=\"async\" class=\"image wp-image-942  attachment-full size-full\" style=\"max-width: 100%; height: auto;\" src=\"https:\/\/relvasnunesluz.com\/wp-content\/uploads\/2023\/02\/IMG_1417.jpeg\" sizes=\"auto, (max-width: 1024px) 100vw, 1024px\" srcset=\"https:\/\/relvasnunesluz.com\/wp-content\/uploads\/2023\/02\/IMG_1417.jpeg 1024w, https:\/\/relvasnunesluz.com\/wp-content\/uploads\/2023\/02\/IMG_1417-300x225.jpeg 300w, https:\/\/relvasnunesluz.com\/wp-content\/uploads\/2023\/02\/IMG_1417-768x576.jpeg 768w\" alt=\"\" width=\"1024\" height=\"768\" \/><\/p>\n<p class=\"wp-caption-text\">Rural Road<\/p>\n<\/div>\n<\/div>\n<div id=\"panel-784-2-1-2\" class=\"so-panel widget widget_media_image panel-last-child\" data-index=\"8\">\n<div class=\"wp-caption alignnone\" style=\"width: 2609px;\"><img loading=\"lazy\" decoding=\"async\" class=\"image wp-image-1313  attachment-full size-full\" style=\"max-width: 100%; height: auto;\" src=\"https:\/\/relvasnunesluz.com\/wp-content\/uploads\/2023\/05\/passeio-calcada-miuda.png\" sizes=\"auto, (max-width: 2599px) 100vw, 2599px\" srcset=\"https:\/\/relvasnunesluz.com\/wp-content\/uploads\/2023\/05\/passeio-calcada-miuda.png 2599w, https:\/\/relvasnunesluz.com\/wp-content\/uploads\/2023\/05\/passeio-calcada-miuda-300x228.png 300w, https:\/\/relvasnunesluz.com\/wp-content\/uploads\/2023\/05\/passeio-calcada-miuda-1024x778.png 1024w, https:\/\/relvasnunesluz.com\/wp-content\/uploads\/2023\/05\/passeio-calcada-miuda-768x583.png 768w, https:\/\/relvasnunesluz.com\/wp-content\/uploads\/2023\/05\/passeio-calcada-miuda-1536x1167.png 1536w, https:\/\/relvasnunesluz.com\/wp-content\/uploads\/2023\/05\/passeio-calcada-miuda-2048x1556.png 2048w\" alt=\"\" width=\"2599\" height=\"1974\" \/><\/p>\n<p class=\"wp-caption-text\">Sidewalk with Small Cobblestone<\/p>\n<\/div>\n<\/div>\n<\/div>\n<\/div>\n<\/div>\n<\/div>\n\n\n<p><\/p>\n\n\n\n<figure class=\"wp-block-image size-large\"><a href=\"https:\/\/relvasnunesluz.com\/wp-content\/uploads\/2024\/05\/terra.jpeg\"><img loading=\"lazy\" decoding=\"async\" width=\"1024\" height=\"768\" src=\"https:\/\/relvasnunesluz.com\/wp-content\/uploads\/2024\/05\/terra-1024x768.jpeg\" alt=\"\" class=\"wp-image-1383\" srcset=\"https:\/\/relvasnunesluz.com\/wp-content\/uploads\/2024\/05\/terra-1024x768.jpeg 1024w, https:\/\/relvasnunesluz.com\/wp-content\/uploads\/2024\/05\/terra-300x225.jpeg 300w, https:\/\/relvasnunesluz.com\/wp-content\/uploads\/2024\/05\/terra-768x576.jpeg 768w, https:\/\/relvasnunesluz.com\/wp-content\/uploads\/2024\/05\/terra-1536x1152.jpeg 1536w, https:\/\/relvasnunesluz.com\/wp-content\/uploads\/2024\/05\/terra-16x12.jpeg 16w, https:\/\/relvasnunesluz.com\/wp-content\/uploads\/2024\/05\/terra.jpeg 2048w\" sizes=\"auto, (max-width: 1024px) 100vw, 1024px\" \/><\/a><\/figure>\n\n\n\n<p>Access road to detached house<\/p>","protected":false},"excerpt":{"rendered":"<p>Constru\u00e7\u00e3o de estrada em bet\u00e3o A Relvas, Nunes e Luz tem muitos anos de experi\u00eancia na constru\u00e7\u00e3o e repara\u00e7\u00e3o de estradas, parques de estacionamento, caminhos rurais e acessibilidades. Constru\u00edmos com v\u00e1rios tipos de pavimentos: bet\u00e3o, betuminoso, pav\u00ea, cal\u00e7ada, pavimento perme\u00e1vel. Tamb\u00e9m fazemos caminhos e acessibilidades em tout-venant, gravilha e pavimentos perme\u00e1veis. Temos tamb\u00e9m experi\u00eancia na [&hellip;]<\/p>","protected":false},"author":1,"featured_media":942,"parent":0,"menu_order":0,"comment_status":"closed","ping_status":"closed","template":"","meta":{"footnotes":""},"class_list":["post-784","page","type-page","status-publish","has-post-thumbnail","hentry"],"yoast_head":"<!-- This site is optimized with the Yoast SEO plugin v27.4 - https:\/\/yoast.com\/product\/yoast-seo-wordpress\/ -->\n<title>Estradas e Passeios - Relvas Nunes &amp; Luz, lda<\/title>\n<meta name=\"description\" content=\"Temos muitos anos de experi\u00eancia na constru\u00e7\u00e3o e repara\u00e7\u00e3o de estradas, parques de estacionamento, caminhos rurais e acessibilidades. Constru\u00edmos com v\u00e1rios tipos de pavimentos: bet\u00e3o, betuminoso, pav\u00ea, cal\u00e7ada, pavimento perme\u00e1vel. Tamb\u00e9m fazemos caminhos e acessibilidades em tout-venant, gravilha e pavimentos perme\u00e1veis.\" \/>\n<meta name=\"robots\" content=\"index, follow, max-snippet:-1, max-image-preview:large, max-video-preview:-1\" \/>\n<link rel=\"canonical\" href=\"https:\/\/relvasnunesluz.com\/en\/roads-and-sidewalks\/\" \/>\n<meta property=\"og:locale\" content=\"en_US\" \/>\n<meta property=\"og:type\" content=\"article\" \/>\n<meta property=\"og:title\" content=\"Estradas e Passeios - Relvas Nunes &amp; Luz, lda\" \/>\n<meta property=\"og:description\" content=\"Temos muitos anos de experi\u00eancia na constru\u00e7\u00e3o e repara\u00e7\u00e3o de estradas, parques de estacionamento, caminhos rurais e acessibilidades. Constru\u00edmos com v\u00e1rios tipos de pavimentos: bet\u00e3o, betuminoso, pav\u00ea, cal\u00e7ada, pavimento perme\u00e1vel. Tamb\u00e9m fazemos caminhos e acessibilidades em tout-venant, gravilha e pavimentos perme\u00e1veis.\" \/>\n<meta property=\"og:url\" content=\"https:\/\/relvasnunesluz.com\/en\/roads-and-sidewalks\/\" \/>\n<meta property=\"og:site_name\" content=\"Relvas Nunes &amp; Luz, lda\" \/>\n<meta property=\"article:modified_time\" content=\"2024-05-07T13:23:00+00:00\" \/>\n<meta property=\"og:image\" content=\"https:\/\/relvasnunesluz.com\/wp-content\/uploads\/2023\/02\/IMG_1417.jpeg\" \/>\n\t<meta property=\"og:image:width\" content=\"1024\" \/>\n\t<meta property=\"og:image:height\" content=\"768\" \/>\n\t<meta property=\"og:image:type\" content=\"image\/jpeg\" \/>\n<meta name=\"twitter:card\" content=\"summary_large_image\" \/>\n<meta name=\"twitter:label1\" content=\"Est. reading time\" \/>\n\t<meta name=\"twitter:data1\" content=\"4 minutes\" \/>\n<script type=\"application\/ld+json\" class=\"yoast-schema-graph\">{\"@context\":\"https:\\\/\\\/schema.org\",\"@graph\":[{\"@type\":\"WebPage\",\"@id\":\"https:\\\/\\\/relvasnunesluz.com\\\/estradas-e-passeios\\\/\",\"url\":\"https:\\\/\\\/relvasnunesluz.com\\\/estradas-e-passeios\\\/\",\"name\":\"Estradas e Passeios - Relvas Nunes &amp; Luz, lda\",\"isPartOf\":{\"@id\":\"https:\\\/\\\/relvasnunesluz.com\\\/#website\"},\"primaryImageOfPage\":{\"@id\":\"https:\\\/\\\/relvasnunesluz.com\\\/estradas-e-passeios\\\/#primaryimage\"},\"image\":{\"@id\":\"https:\\\/\\\/relvasnunesluz.com\\\/estradas-e-passeios\\\/#primaryimage\"},\"thumbnailUrl\":\"https:\\\/\\\/relvasnunesluz.com\\\/wp-content\\\/uploads\\\/2023\\\/02\\\/IMG_1417.jpeg\",\"datePublished\":\"2023-02-10T14:22:01+00:00\",\"dateModified\":\"2024-05-07T13:23:00+00:00\",\"description\":\"Temos muitos anos de experi\u00eancia na constru\u00e7\u00e3o e repara\u00e7\u00e3o de estradas, parques de estacionamento, caminhos rurais e acessibilidades. Constru\u00edmos com v\u00e1rios tipos de pavimentos: bet\u00e3o, betuminoso, pav\u00ea, cal\u00e7ada, pavimento perme\u00e1vel. Tamb\u00e9m fazemos caminhos e acessibilidades em tout-venant, gravilha e pavimentos perme\u00e1veis.\",\"breadcrumb\":{\"@id\":\"https:\\\/\\\/relvasnunesluz.com\\\/estradas-e-passeios\\\/#breadcrumb\"},\"inLanguage\":\"en-US\",\"potentialAction\":[{\"@type\":\"ReadAction\",\"target\":[\"https:\\\/\\\/relvasnunesluz.com\\\/estradas-e-passeios\\\/\"]}]},{\"@type\":\"ImageObject\",\"inLanguage\":\"en-US\",\"@id\":\"https:\\\/\\\/relvasnunesluz.com\\\/estradas-e-passeios\\\/#primaryimage\",\"url\":\"https:\\\/\\\/relvasnunesluz.com\\\/wp-content\\\/uploads\\\/2023\\\/02\\\/IMG_1417.jpeg\",\"contentUrl\":\"https:\\\/\\\/relvasnunesluz.com\\\/wp-content\\\/uploads\\\/2023\\\/02\\\/IMG_1417.jpeg\",\"width\":1024,\"height\":768},{\"@type\":\"BreadcrumbList\",\"@id\":\"https:\\\/\\\/relvasnunesluz.com\\\/estradas-e-passeios\\\/#breadcrumb\",\"itemListElement\":[{\"@type\":\"ListItem\",\"position\":1,\"name\":\"Home\",\"item\":\"https:\\\/\\\/relvasnunesluz.com\\\/\"},{\"@type\":\"ListItem\",\"position\":2,\"name\":\"Estradas e Passeios\"}]},{\"@type\":\"WebSite\",\"@id\":\"https:\\\/\\\/relvasnunesluz.com\\\/#website\",\"url\":\"https:\\\/\\\/relvasnunesluz.com\\\/\",\"name\":\"Relvas Nunes &amp; Luz, lda\",\"description\":\"Empresa de Constru\u00e7\u00e3o Civil\",\"potentialAction\":[{\"@type\":\"SearchAction\",\"target\":{\"@type\":\"EntryPoint\",\"urlTemplate\":\"https:\\\/\\\/relvasnunesluz.com\\\/?s={search_term_string}\"},\"query-input\":{\"@type\":\"PropertyValueSpecification\",\"valueRequired\":true,\"valueName\":\"search_term_string\"}}],\"inLanguage\":\"en-US\"}]}<\/script>\n<!-- \/ Yoast SEO plugin. -->","yoast_head_json":{"title":"Estradas e Passeios - Relvas Nunes &amp; Luz, lda","description":"We build using various types of pavements: concrete, asphalt, cobblestone, sidewalk, permeable pavement. We also create paths and accessibility with crushed stone, gravel, and permeable pavements. We also have experience in constructing sidewalks and curbs.","robots":{"index":"index","follow":"follow","max-snippet":"max-snippet:-1","max-image-preview":"max-image-preview:large","max-video-preview":"max-video-preview:-1"},"canonical":"https:\/\/relvasnunesluz.com\/en\/roads-and-sidewalks\/","og_locale":"en_US","og_type":"article","og_title":"Estradas e Passeios - Relvas Nunes &amp; Luz, lda","og_description":"Temos muitos anos de experi\u00eancia na constru\u00e7\u00e3o e repara\u00e7\u00e3o de estradas, parques de estacionamento, caminhos rurais e acessibilidades. Constru\u00edmos com v\u00e1rios tipos de pavimentos: bet\u00e3o, betuminoso, pav\u00ea, cal\u00e7ada, pavimento perme\u00e1vel. Tamb\u00e9m fazemos caminhos e acessibilidades em tout-venant, gravilha e pavimentos perme\u00e1veis.","og_url":"https:\/\/relvasnunesluz.com\/en\/roads-and-sidewalks\/","og_site_name":"Relvas Nunes &amp; Luz, lda","article_modified_time":"2024-05-07T13:23:00+00:00","og_image":[{"width":1024,"height":768,"url":"https:\/\/relvasnunesluz.com\/wp-content\/uploads\/2023\/02\/IMG_1417.jpeg","type":"image\/jpeg"}],"twitter_card":"summary_large_image","twitter_misc":{"Est. reading time":"4 minutes"},"schema":{"@context":"https:\/\/schema.org","@graph":[{"@type":"WebPage","@id":"https:\/\/relvasnunesluz.com\/estradas-e-passeios\/","url":"https:\/\/relvasnunesluz.com\/estradas-e-passeios\/","name":"Estradas e Passeios - Relvas Nunes &amp; Luz, lda","isPartOf":{"@id":"https:\/\/relvasnunesluz.com\/#website"},"primaryImageOfPage":{"@id":"https:\/\/relvasnunesluz.com\/estradas-e-passeios\/#primaryimage"},"image":{"@id":"https:\/\/relvasnunesluz.com\/estradas-e-passeios\/#primaryimage"},"thumbnailUrl":"https:\/\/relvasnunesluz.com\/wp-content\/uploads\/2023\/02\/IMG_1417.jpeg","datePublished":"2023-02-10T14:22:01+00:00","dateModified":"2024-05-07T13:23:00+00:00","description":"We build using various types of pavements: concrete, asphalt, cobblestone, sidewalk, permeable pavement. We also create paths and accessibility with crushed stone, gravel, and permeable pavements. We also have experience in constructing sidewalks and curbs.","breadcrumb":{"@id":"https:\/\/relvasnunesluz.com\/estradas-e-passeios\/#breadcrumb"},"inLanguage":"en-US","potentialAction":[{"@type":"ReadAction","target":["https:\/\/relvasnunesluz.com\/estradas-e-passeios\/"]}]},{"@type":"ImageObject","inLanguage":"en-US","@id":"https:\/\/relvasnunesluz.com\/estradas-e-passeios\/#primaryimage","url":"https:\/\/relvasnunesluz.com\/wp-content\/uploads\/2023\/02\/IMG_1417.jpeg","contentUrl":"https:\/\/relvasnunesluz.com\/wp-content\/uploads\/2023\/02\/IMG_1417.jpeg","width":1024,"height":768},{"@type":"BreadcrumbList","@id":"https:\/\/relvasnunesluz.com\/estradas-e-passeios\/#breadcrumb","itemListElement":[{"@type":"ListItem","position":1,"name":"Home","item":"https:\/\/relvasnunesluz.com\/"},{"@type":"ListItem","position":2,"name":"Estradas e Passeios"}]},{"@type":"WebSite","@id":"https:\/\/relvasnunesluz.com\/#website","url":"https:\/\/relvasnunesluz.com\/","name":"Relvas Nunes &amp; Luz, lda","description":"Empresa de Constru\u00e7\u00e3o Civil","potentialAction":[{"@type":"SearchAction","target":{"@type":"EntryPoint","urlTemplate":"https:\/\/relvasnunesluz.com\/?s={search_term_string}"},"query-input":{"@type":"PropertyValueSpecification","valueRequired":true,"valueName":"search_term_string"}}],"inLanguage":"en-US"}]}},"_links":{"self":[{"href":"https:\/\/relvasnunesluz.com\/en\/wp-json\/wp\/v2\/pages\/784","targetHints":{"allow":["GET"]}}],"collection":[{"href":"https:\/\/relvasnunesluz.com\/en\/wp-json\/wp\/v2\/pages"}],"about":[{"href":"https:\/\/relvasnunesluz.com\/en\/wp-json\/wp\/v2\/types\/page"}],"author":[{"embeddable":true,"href":"https:\/\/relvasnunesluz.com\/en\/wp-json\/wp\/v2\/users\/1"}],"replies":[{"embeddable":true,"href":"https:\/\/relvasnunesluz.com\/en\/wp-json\/wp\/v2\/comments?post=784"}],"version-history":[{"count":27,"href":"https:\/\/relvasnunesluz.com\/en\/wp-json\/wp\/v2\/pages\/784\/revisions"}],"predecessor-version":[{"id":1385,"href":"https:\/\/relvasnunesluz.com\/en\/wp-json\/wp\/v2\/pages\/784\/revisions\/1385"}],"wp:featuredmedia":[{"embeddable":true,"href":"https:\/\/relvasnunesluz.com\/en\/wp-json\/wp\/v2\/media\/942"}],"wp:attachment":[{"href":"https:\/\/relvasnunesluz.com\/en\/wp-json\/wp\/v2\/media?parent=784"}],"curies":[{"name":"wp","href":"https:\/\/api.w.org\/{rel}","templated":true}]}}