{"id":776,"date":"2023-02-10T14:23:06","date_gmt":"2023-02-10T14:23:06","guid":{"rendered":"https:\/\/relvasnunesluz.com\/?page_id=776"},"modified":"2024-06-17T14:29:06","modified_gmt":"2024-06-17T14:29:06","slug":"servicos-de-construcao","status":"publish","type":"page","link":"https:\/\/relvasnunesluz.com\/en\/construction-services\/","title":{"rendered":"Services"},"content":{"rendered":"<p>Our area of operation is located in the Algarve region and mainly covers the municipalities of S\u00e3o Br\u00e1s de Alportel, Loul\u00e9, Faro, Olh\u00e3o, Tavira, Vila Real de Santo Ant\u00f3nio, and Albufeira.<\/p>\n\n\n\n<div style=\"height:51px\" aria-hidden=\"true\" class=\"wp-block-spacer\"><\/div>\n\n\n\n<h1 class=\"wp-block-heading\">Excavations and trenches<\/h1>\n\n\n\n<p>Any construction project requires excavation work for site preparation, foundation construction, installation of infrastructure, water and sewer networks, and access road construction.<\/p>\n\n\n\n<p>Since 1975, Relvas, Nunes e Luz have specialized and invested in the necessary equipment for excavations, earthworks, and landfills of any size, whether for public or private projects.<\/p>\n\n\n\n<div class=\"wp-block-buttons is-layout-flex wp-block-buttons-is-layout-flex\">\n<div class=\"wp-block-button\"><a class=\"wp-block-button__link wp-element-button\" href=\"https:\/\/relvasnunesluz.com\/en\/excavations-and-trenches\/\">More Information<\/a><\/div>\n<\/div>\n\n\n\n<div style=\"height:51px\" aria-hidden=\"true\" class=\"wp-block-spacer\"><\/div>\n\n\n\n<figure class=\"wp-block-image size-large\"><a href=\"https:\/\/relvasnunesluz.com\/wp-content\/uploads\/2023\/02\/IMG_20220707_164543-scaled.jpg\"><img loading=\"lazy\" decoding=\"async\" width=\"1024\" height=\"768\" src=\"https:\/\/relvasnunesluz.com\/wp-content\/uploads\/2023\/02\/IMG_20220707_164543-1024x768.jpg\" alt=\"\" class=\"wp-image-853\" srcset=\"https:\/\/relvasnunesluz.com\/wp-content\/uploads\/2023\/02\/IMG_20220707_164543-1024x768.jpg 1024w, https:\/\/relvasnunesluz.com\/wp-content\/uploads\/2023\/02\/IMG_20220707_164543-300x225.jpg 300w, https:\/\/relvasnunesluz.com\/wp-content\/uploads\/2023\/02\/IMG_20220707_164543-768x576.jpg 768w, https:\/\/relvasnunesluz.com\/wp-content\/uploads\/2023\/02\/IMG_20220707_164543-1536x1152.jpg 1536w, https:\/\/relvasnunesluz.com\/wp-content\/uploads\/2023\/02\/IMG_20220707_164543-2048x1536.jpg 2048w\" sizes=\"auto, (max-width: 1024px) 100vw, 1024px\" \/><\/a><\/figure>\n\n\n\n<div style=\"height:51px\" aria-hidden=\"true\" class=\"wp-block-spacer\"><\/div>\n\n\n\n<h1 class=\"wp-block-heading\">Machine Rental<\/h1>\n\n\n\n<p>A Relvas, Nunes e Luz aluga v\u00e1rias das suas m\u00e1quinas com operador para servi\u00e7os, em v\u00e1rios concelhos tais como: S\u00e3o Br\u00e1s de Alportel; Loul\u00e9; Faro; Olh\u00e3o; Tavira; Vila Real de Santo Ant\u00f3nio; Albufeira.<\/p>\n\n\n\n<p>You can count on machine rental services with operators, such as backhoes or mini excavators.<\/p>\n\n\n\n<div class=\"wp-block-buttons is-layout-flex wp-block-buttons-is-layout-flex\">\n<div class=\"wp-block-button\"><a class=\"wp-block-button__link wp-element-button\" href=\"https:\/\/relvasnunesluz.com\/en\/machine-rental\/\">More Information<\/a><\/div>\n<\/div>\n\n\n\n<div style=\"height:51px\" aria-hidden=\"true\" class=\"wp-block-spacer\"><\/div>\n\n\n\n<figure class=\"wp-block-image size-large\"><a href=\"https:\/\/relvasnunesluz.com\/wp-content\/uploads\/2023\/02\/292113935_2363189587156504_1131523971533425197_n-1.jpg\"><img loading=\"lazy\" decoding=\"async\" width=\"1024\" height=\"768\" src=\"https:\/\/relvasnunesluz.com\/wp-content\/uploads\/2023\/02\/292113935_2363189587156504_1131523971533425197_n-1-1024x768.jpg\" alt=\"\" class=\"wp-image-822\" srcset=\"https:\/\/relvasnunesluz.com\/wp-content\/uploads\/2023\/02\/292113935_2363189587156504_1131523971533425197_n-1-1024x768.jpg 1024w, https:\/\/relvasnunesluz.com\/wp-content\/uploads\/2023\/02\/292113935_2363189587156504_1131523971533425197_n-1-300x225.jpg 300w, https:\/\/relvasnunesluz.com\/wp-content\/uploads\/2023\/02\/292113935_2363189587156504_1131523971533425197_n-1-768x576.jpg 768w, https:\/\/relvasnunesluz.com\/wp-content\/uploads\/2023\/02\/292113935_2363189587156504_1131523971533425197_n-1-1536x1152.jpg 1536w, https:\/\/relvasnunesluz.com\/wp-content\/uploads\/2023\/02\/292113935_2363189587156504_1131523971533425197_n-1.jpg 2048w\" sizes=\"auto, (max-width: 1024px) 100vw, 1024px\" \/><\/a><\/figure>\n\n\n\n<div style=\"height:51px\" aria-hidden=\"true\" class=\"wp-block-spacer\"><\/div>\n\n\n\n<h1 class=\"wp-block-heading\">Roads and sidewalks<\/h1>\n\n\n\n<p>Relvas, Nunes e Luz has many years of experience in the construction and repair of roads, parking lots, rural roads, and accessibility paths.<\/p>\n\n\n\n<p>We construct using various types of pavements: concrete, asphalt, paving stones, cobblestones, and permeable pavement.<\/p>\n\n\n\n<p>We also create paths and accessibility using macadam, gravel, and permeable pavements. We also have experience in constructing sidewalks and curbstones.<\/p>\n\n\n\n<div class=\"wp-block-buttons is-layout-flex wp-block-buttons-is-layout-flex\">\n<div class=\"wp-block-button\"><a class=\"wp-block-button__link wp-element-button\" href=\"https:\/\/relvasnunesluz.com\/en\/roads-and-sidewalks\/\">Mais Informa\u00e7\u00f5es<\/a><\/div>\n<\/div>\n\n\n\n<div style=\"height:51px\" aria-hidden=\"true\" class=\"wp-block-spacer\"><\/div>\n\n\n\n<figure class=\"wp-block-image size-full\"><a href=\"https:\/\/relvasnunesluz.com\/wp-content\/uploads\/2023\/02\/IMG_2009.jpeg\"><img loading=\"lazy\" decoding=\"async\" width=\"1024\" height=\"768\" src=\"https:\/\/relvasnunesluz.com\/wp-content\/uploads\/2023\/02\/IMG_2009.jpeg\" alt=\"\" class=\"wp-image-944\" srcset=\"https:\/\/relvasnunesluz.com\/wp-content\/uploads\/2023\/02\/IMG_2009.jpeg 1024w, https:\/\/relvasnunesluz.com\/wp-content\/uploads\/2023\/02\/IMG_2009-300x225.jpeg 300w, https:\/\/relvasnunesluz.com\/wp-content\/uploads\/2023\/02\/IMG_2009-768x576.jpeg 768w\" sizes=\"auto, (max-width: 1024px) 100vw, 1024px\" \/><\/a><\/figure>\n\n\n\n<div style=\"height:51px\" aria-hidden=\"true\" class=\"wp-block-spacer\"><\/div>\n\n\n\n<h1 class=\"wp-block-heading\">Underground Infrastructure<\/h1>\n\n\n\n<p><strong>Water Supply, Sanitary Sewer, and Wastewater Networks<\/strong><\/p>\n\n\n\n<p>Relvas Nunes &amp; Luz has extensive experience in the construction and maintenance of underground infrastructure, such as potable water supply networks, sanitation systems, sewage networks, and irrigation systems.<\/p>\n\n\n\n<div class=\"wp-block-buttons is-layout-flex wp-block-buttons-is-layout-flex\">\n<div class=\"wp-block-button\"><a class=\"wp-block-button__link wp-element-button\" href=\"https:\/\/relvasnunesluz.com\/en\/underground-infrastructure\/\">Mais Informa\u00e7\u00f5es<\/a><\/div>\n<\/div>\n\n\n\n<div style=\"height:51px\" aria-hidden=\"true\" class=\"wp-block-spacer\"><\/div>\n\n\n\n<figure class=\"wp-block-image size-full\"><a href=\"https:\/\/relvasnunesluz.com\/wp-content\/uploads\/2020\/03\/IMG_6471.jpg\"><img loading=\"lazy\" decoding=\"async\" width=\"1024\" height=\"768\" src=\"https:\/\/relvasnunesluz.com\/wp-content\/uploads\/2020\/03\/IMG_6471.jpg\" alt=\"\" class=\"wp-image-666\" srcset=\"https:\/\/relvasnunesluz.com\/wp-content\/uploads\/2020\/03\/IMG_6471.jpg 1024w, https:\/\/relvasnunesluz.com\/wp-content\/uploads\/2020\/03\/IMG_6471-300x225.jpg 300w, https:\/\/relvasnunesluz.com\/wp-content\/uploads\/2020\/03\/IMG_6471-768x576.jpg 768w\" sizes=\"auto, (max-width: 1024px) 100vw, 1024px\" \/><\/a><\/figure>\n\n\n\n<div style=\"height:51px\" aria-hidden=\"true\" class=\"wp-block-spacer\"><\/div>\n\n\n\n<h1 class=\"wp-block-heading\">Jardins&nbsp; e espa\u00e7os exteriores<\/h1>\n\n\n\n<p>We specialize in the construction and renovation of outdoor spaces.<\/p>\n\n\n\n<p>Relvas, Nunes e Luz can create the garden of your dreams for your home, build a playground for children to have fun, pave a parking lot, or install cobblestones in your patio, among many other services.<\/p>\n\n\n\n<div class=\"wp-block-buttons is-layout-flex wp-block-buttons-is-layout-flex\">\n<div class=\"wp-block-button\"><a class=\"wp-block-button__link wp-element-button\" href=\"https:\/\/relvasnunesluz.com\/en\/construction-services\/\">Mais Informa\u00e7\u00f5es<\/a><\/div>\n<\/div>\n\n\n\n<div style=\"height:50px\" aria-hidden=\"true\" class=\"wp-block-spacer\"><\/div>\n\n\n\n<figure class=\"wp-block-image size-large\"><a href=\"https:\/\/relvasnunesluz.com\/wp-content\/uploads\/2023\/03\/parque-de-estacionamento-e-jardim.jpeg\"><img loading=\"lazy\" decoding=\"async\" width=\"1024\" height=\"768\" src=\"https:\/\/relvasnunesluz.com\/wp-content\/uploads\/2023\/03\/parque-de-estacionamento-e-jardim-1024x768.jpeg\" alt=\"\" class=\"wp-image-1138\" srcset=\"https:\/\/relvasnunesluz.com\/wp-content\/uploads\/2023\/03\/parque-de-estacionamento-e-jardim-1024x768.jpeg 1024w, https:\/\/relvasnunesluz.com\/wp-content\/uploads\/2023\/03\/parque-de-estacionamento-e-jardim-300x225.jpeg 300w, https:\/\/relvasnunesluz.com\/wp-content\/uploads\/2023\/03\/parque-de-estacionamento-e-jardim-768x576.jpeg 768w, https:\/\/relvasnunesluz.com\/wp-content\/uploads\/2023\/03\/parque-de-estacionamento-e-jardim-1536x1152.jpeg 1536w, https:\/\/relvasnunesluz.com\/wp-content\/uploads\/2023\/03\/parque-de-estacionamento-e-jardim.jpeg 2000w\" sizes=\"auto, (max-width: 1024px) 100vw, 1024px\" \/><\/a><\/figure>\n\n\n\n<div style=\"height:50px\" aria-hidden=\"true\" class=\"wp-block-spacer\"><\/div>\n\n\n\n<h1 class=\"wp-block-heading\">Urbaniza\u00e7\u00f5es e Empreendimentos<\/h1>\n\n\n\n<p>Relvas, Nunes &amp; Luz is the right choice for the construction of outdoor spaces in new urbanizations in the Algarve (central and leeward areas).<br>We specialize in all the work necessary for the construction of the outdoor spaces of a new urbanization or development. Starting with the various necessary infrastructures, installation of underground garbage containers; construction of roads, accesses, sidewalks and other outdoor paving, gardens, installation of urban furniture such as garden benches and waste bins and all other exterior arrangements necessary for the construction of a new urbanization or tourist development.<\/p>\n\n\n\n<div class=\"wp-block-buttons is-layout-flex wp-block-buttons-is-layout-flex\">\n<div class=\"wp-block-button\"><a class=\"wp-block-button__link wp-element-button\" href=\"https:\/\/relvasnunesluz.com\/en\/urbanizacoes\/\">Mais Informa\u00e7\u00f5es<\/a><\/div>\n<\/div>\n\n\n\n<div style=\"height:50px\" aria-hidden=\"true\" class=\"wp-block-spacer\"><\/div>\n\n\n\n<figure class=\"wp-block-image size-large\"><a href=\"https:\/\/relvasnunesluz.com\/wp-content\/uploads\/2024\/05\/278278099_2289795381162592_1610572848145893633_n-002.jpeg\"><img loading=\"lazy\" decoding=\"async\" width=\"1024\" height=\"682\" src=\"https:\/\/relvasnunesluz.com\/wp-content\/uploads\/2024\/05\/278278099_2289795381162592_1610572848145893633_n-002-1024x682.jpeg\" alt=\"\" class=\"wp-image-1387\" srcset=\"https:\/\/relvasnunesluz.com\/wp-content\/uploads\/2024\/05\/278278099_2289795381162592_1610572848145893633_n-002-1024x682.jpeg 1024w, https:\/\/relvasnunesluz.com\/wp-content\/uploads\/2024\/05\/278278099_2289795381162592_1610572848145893633_n-002-300x200.jpeg 300w, https:\/\/relvasnunesluz.com\/wp-content\/uploads\/2024\/05\/278278099_2289795381162592_1610572848145893633_n-002-768x512.jpeg 768w, https:\/\/relvasnunesluz.com\/wp-content\/uploads\/2024\/05\/278278099_2289795381162592_1610572848145893633_n-002-1536x1023.jpeg 1536w, https:\/\/relvasnunesluz.com\/wp-content\/uploads\/2024\/05\/278278099_2289795381162592_1610572848145893633_n-002-18x12.jpeg 18w, https:\/\/relvasnunesluz.com\/wp-content\/uploads\/2024\/05\/278278099_2289795381162592_1610572848145893633_n-002-272x182.jpeg 272w, https:\/\/relvasnunesluz.com\/wp-content\/uploads\/2024\/05\/278278099_2289795381162592_1610572848145893633_n-002.jpeg 1600w\" sizes=\"auto, (max-width: 1024px) 100vw, 1024px\" \/><\/a><\/figure>","protected":false},"excerpt":{"rendered":"<p>A nossa \u00e1rea de atua\u00e7\u00e3o localiza-se no Algarve e engloba preferencialmente os concelhos de S\u00e3o Br\u00e1s de Alportel; Loul\u00e9; Faro; Olh\u00e3o; Tavira; Vila Real de Santo Ant\u00f3nio e Albufeira. Escava\u00e7\u00f5es e valas Qualquer projeto de constru\u00e7\u00e3o necessita da realiza\u00e7\u00e3o de escava\u00e7\u00f5es para prepara\u00e7\u00e3o dos terrenos, constru\u00e7\u00e3o de funda\u00e7\u00f5es, coloca\u00e7\u00e3o de infraestruturas, instala\u00e7\u00e3o de redes de [&hellip;]<\/p>","protected":false},"author":1,"featured_media":813,"parent":0,"menu_order":0,"comment_status":"closed","ping_status":"closed","template":"","meta":{"footnotes":""},"class_list":["post-776","page","type-page","status-publish","has-post-thumbnail","hentry"],"yoast_head":"<!-- This site is optimized with the Yoast SEO plugin v27.4 - https:\/\/yoast.com\/product\/yoast-seo-wordpress\/ -->\n<title>Servi\u00e7os - Relvas Nunes &amp; Luz, lda<\/title>\n<meta name=\"description\" content=\"Servi\u00e7os de constru\u00e7\u00e3o tais como: Escava\u00e7\u00f5es e valas, Aluguer de M\u00e1quinas, Estradas e Passeios e Infraestruturas Enterradas.\" \/>\n<meta name=\"robots\" content=\"index, follow, max-snippet:-1, max-image-preview:large, max-video-preview:-1\" \/>\n<link rel=\"canonical\" href=\"https:\/\/relvasnunesluz.com\/en\/construction-services\/\" \/>\n<meta property=\"og:locale\" content=\"en_US\" \/>\n<meta property=\"og:type\" content=\"article\" \/>\n<meta property=\"og:title\" content=\"Servi\u00e7os - Relvas Nunes &amp; Luz, lda\" \/>\n<meta property=\"og:description\" content=\"Servi\u00e7os de constru\u00e7\u00e3o tais como: Escava\u00e7\u00f5es e valas, Aluguer de M\u00e1quinas, Estradas e Passeios e Infraestruturas Enterradas.\" \/>\n<meta property=\"og:url\" content=\"https:\/\/relvasnunesluz.com\/en\/construction-services\/\" \/>\n<meta property=\"og:site_name\" content=\"Relvas Nunes &amp; Luz, lda\" \/>\n<meta property=\"article:modified_time\" content=\"2024-06-17T14:29:06+00:00\" \/>\n<meta property=\"og:image\" content=\"https:\/\/relvasnunesluz.com\/wp-content\/uploads\/2023\/02\/IMG_20220406_165105-scaled.jpg\" \/>\n\t<meta property=\"og:image:width\" content=\"2560\" \/>\n\t<meta property=\"og:image:height\" content=\"1920\" \/>\n\t<meta property=\"og:image:type\" content=\"image\/jpeg\" \/>\n<meta name=\"twitter:card\" content=\"summary_large_image\" \/>\n<meta name=\"twitter:label1\" content=\"Est. reading time\" \/>\n\t<meta name=\"twitter:data1\" content=\"4 minutes\" \/>\n<script type=\"application\/ld+json\" class=\"yoast-schema-graph\">{\"@context\":\"https:\\\/\\\/schema.org\",\"@graph\":[{\"@type\":\"WebPage\",\"@id\":\"https:\\\/\\\/relvasnunesluz.com\\\/servicos-de-construcao\\\/\",\"url\":\"https:\\\/\\\/relvasnunesluz.com\\\/servicos-de-construcao\\\/\",\"name\":\"Servi\u00e7os - Relvas Nunes &amp; Luz, lda\",\"isPartOf\":{\"@id\":\"https:\\\/\\\/relvasnunesluz.com\\\/#website\"},\"primaryImageOfPage\":{\"@id\":\"https:\\\/\\\/relvasnunesluz.com\\\/servicos-de-construcao\\\/#primaryimage\"},\"image\":{\"@id\":\"https:\\\/\\\/relvasnunesluz.com\\\/servicos-de-construcao\\\/#primaryimage\"},\"thumbnailUrl\":\"https:\\\/\\\/relvasnunesluz.com\\\/wp-content\\\/uploads\\\/2023\\\/02\\\/IMG_20220406_165105-scaled.jpg\",\"datePublished\":\"2023-02-10T14:23:06+00:00\",\"dateModified\":\"2024-06-17T14:29:06+00:00\",\"description\":\"Servi\u00e7os de constru\u00e7\u00e3o tais como: Escava\u00e7\u00f5es e valas, Aluguer de M\u00e1quinas, Estradas e Passeios e Infraestruturas Enterradas.\",\"breadcrumb\":{\"@id\":\"https:\\\/\\\/relvasnunesluz.com\\\/servicos-de-construcao\\\/#breadcrumb\"},\"inLanguage\":\"en-US\",\"potentialAction\":[{\"@type\":\"ReadAction\",\"target\":[\"https:\\\/\\\/relvasnunesluz.com\\\/servicos-de-construcao\\\/\"]}]},{\"@type\":\"ImageObject\",\"inLanguage\":\"en-US\",\"@id\":\"https:\\\/\\\/relvasnunesluz.com\\\/servicos-de-construcao\\\/#primaryimage\",\"url\":\"https:\\\/\\\/relvasnunesluz.com\\\/wp-content\\\/uploads\\\/2023\\\/02\\\/IMG_20220406_165105-scaled.jpg\",\"contentUrl\":\"https:\\\/\\\/relvasnunesluz.com\\\/wp-content\\\/uploads\\\/2023\\\/02\\\/IMG_20220406_165105-scaled.jpg\",\"width\":2560,\"height\":1920},{\"@type\":\"BreadcrumbList\",\"@id\":\"https:\\\/\\\/relvasnunesluz.com\\\/servicos-de-construcao\\\/#breadcrumb\",\"itemListElement\":[{\"@type\":\"ListItem\",\"position\":1,\"name\":\"Home\",\"item\":\"https:\\\/\\\/relvasnunesluz.com\\\/\"},{\"@type\":\"ListItem\",\"position\":2,\"name\":\"Servi\u00e7os\"}]},{\"@type\":\"WebSite\",\"@id\":\"https:\\\/\\\/relvasnunesluz.com\\\/#website\",\"url\":\"https:\\\/\\\/relvasnunesluz.com\\\/\",\"name\":\"Relvas Nunes &amp; Luz, lda\",\"description\":\"Empresa de Constru\u00e7\u00e3o Civil\",\"potentialAction\":[{\"@type\":\"SearchAction\",\"target\":{\"@type\":\"EntryPoint\",\"urlTemplate\":\"https:\\\/\\\/relvasnunesluz.com\\\/?s={search_term_string}\"},\"query-input\":{\"@type\":\"PropertyValueSpecification\",\"valueRequired\":true,\"valueName\":\"search_term_string\"}}],\"inLanguage\":\"en-US\"}]}<\/script>\n<!-- \/ Yoast SEO plugin. -->","yoast_head_json":{"title":"Servi\u00e7os - Relvas Nunes &amp; Luz, lda","description":"Servi\u00e7os de constru\u00e7\u00e3o tais como: Escava\u00e7\u00f5es e valas, Aluguer de M\u00e1quinas, Estradas e Passeios e Infraestruturas Enterradas.","robots":{"index":"index","follow":"follow","max-snippet":"max-snippet:-1","max-image-preview":"max-image-preview:large","max-video-preview":"max-video-preview:-1"},"canonical":"https:\/\/relvasnunesluz.com\/en\/construction-services\/","og_locale":"en_US","og_type":"article","og_title":"Servi\u00e7os - Relvas Nunes &amp; Luz, lda","og_description":"Servi\u00e7os de constru\u00e7\u00e3o tais como: Escava\u00e7\u00f5es e valas, Aluguer de M\u00e1quinas, Estradas e Passeios e Infraestruturas Enterradas.","og_url":"https:\/\/relvasnunesluz.com\/en\/construction-services\/","og_site_name":"Relvas Nunes &amp; Luz, lda","article_modified_time":"2024-06-17T14:29:06+00:00","og_image":[{"width":2560,"height":1920,"url":"https:\/\/relvasnunesluz.com\/wp-content\/uploads\/2023\/02\/IMG_20220406_165105-scaled.jpg","type":"image\/jpeg"}],"twitter_card":"summary_large_image","twitter_misc":{"Est. reading time":"4 minutes"},"schema":{"@context":"https:\/\/schema.org","@graph":[{"@type":"WebPage","@id":"https:\/\/relvasnunesluz.com\/servicos-de-construcao\/","url":"https:\/\/relvasnunesluz.com\/servicos-de-construcao\/","name":"Servi\u00e7os - Relvas Nunes &amp; Luz, lda","isPartOf":{"@id":"https:\/\/relvasnunesluz.com\/#website"},"primaryImageOfPage":{"@id":"https:\/\/relvasnunesluz.com\/servicos-de-construcao\/#primaryimage"},"image":{"@id":"https:\/\/relvasnunesluz.com\/servicos-de-construcao\/#primaryimage"},"thumbnailUrl":"https:\/\/relvasnunesluz.com\/wp-content\/uploads\/2023\/02\/IMG_20220406_165105-scaled.jpg","datePublished":"2023-02-10T14:23:06+00:00","dateModified":"2024-06-17T14:29:06+00:00","description":"Servi\u00e7os de constru\u00e7\u00e3o tais como: Escava\u00e7\u00f5es e valas, Aluguer de M\u00e1quinas, Estradas e Passeios e Infraestruturas Enterradas.","breadcrumb":{"@id":"https:\/\/relvasnunesluz.com\/servicos-de-construcao\/#breadcrumb"},"inLanguage":"en-US","potentialAction":[{"@type":"ReadAction","target":["https:\/\/relvasnunesluz.com\/servicos-de-construcao\/"]}]},{"@type":"ImageObject","inLanguage":"en-US","@id":"https:\/\/relvasnunesluz.com\/servicos-de-construcao\/#primaryimage","url":"https:\/\/relvasnunesluz.com\/wp-content\/uploads\/2023\/02\/IMG_20220406_165105-scaled.jpg","contentUrl":"https:\/\/relvasnunesluz.com\/wp-content\/uploads\/2023\/02\/IMG_20220406_165105-scaled.jpg","width":2560,"height":1920},{"@type":"BreadcrumbList","@id":"https:\/\/relvasnunesluz.com\/servicos-de-construcao\/#breadcrumb","itemListElement":[{"@type":"ListItem","position":1,"name":"Home","item":"https:\/\/relvasnunesluz.com\/"},{"@type":"ListItem","position":2,"name":"Servi\u00e7os"}]},{"@type":"WebSite","@id":"https:\/\/relvasnunesluz.com\/#website","url":"https:\/\/relvasnunesluz.com\/","name":"Relvas Nunes &amp; Luz, lda","description":"Empresa de Constru\u00e7\u00e3o Civil","potentialAction":[{"@type":"SearchAction","target":{"@type":"EntryPoint","urlTemplate":"https:\/\/relvasnunesluz.com\/?s={search_term_string}"},"query-input":{"@type":"PropertyValueSpecification","valueRequired":true,"valueName":"search_term_string"}}],"inLanguage":"en-US"}]}},"_links":{"self":[{"href":"https:\/\/relvasnunesluz.com\/en\/wp-json\/wp\/v2\/pages\/776","targetHints":{"allow":["GET"]}}],"collection":[{"href":"https:\/\/relvasnunesluz.com\/en\/wp-json\/wp\/v2\/pages"}],"about":[{"href":"https:\/\/relvasnunesluz.com\/en\/wp-json\/wp\/v2\/types\/page"}],"author":[{"embeddable":true,"href":"https:\/\/relvasnunesluz.com\/en\/wp-json\/wp\/v2\/users\/1"}],"replies":[{"embeddable":true,"href":"https:\/\/relvasnunesluz.com\/en\/wp-json\/wp\/v2\/comments?post=776"}],"version-history":[{"count":174,"href":"https:\/\/relvasnunesluz.com\/en\/wp-json\/wp\/v2\/pages\/776\/revisions"}],"predecessor-version":[{"id":1414,"href":"https:\/\/relvasnunesluz.com\/en\/wp-json\/wp\/v2\/pages\/776\/revisions\/1414"}],"wp:featuredmedia":[{"embeddable":true,"href":"https:\/\/relvasnunesluz.com\/en\/wp-json\/wp\/v2\/media\/813"}],"wp:attachment":[{"href":"https:\/\/relvasnunesluz.com\/en\/wp-json\/wp\/v2\/media?parent=776"}],"curies":[{"name":"wp","href":"https:\/\/api.w.org\/{rel}","templated":true}]}}