{"id":166,"date":"2015-05-04T22:56:49","date_gmt":"2015-05-04T22:56:49","guid":{"rendered":"http:\/\/www.relvasnunesluz.com\/?page_id=166"},"modified":"2023-02-18T13:55:24","modified_gmt":"2023-02-18T13:55:24","slug":"empresa-de-construcao-no-algarve-rnl","status":"publish","type":"page","link":"https:\/\/relvasnunesluz.com\/en\/construction-company-in-algarve-rnl\/","title":{"rendered":"Vision"},"content":{"rendered":"<div class=\"right grid_5\">\n<p>We are a construction company in the Algarve, and this is our vision:<\/p>\n<p>Public <a href=\"https:\/\/relvasnunesluz.com\/en\/works\/\">works<\/a> are always necessary for human existence. They allow us to have and maintain communication routes, basic sanitation, communication networks, hospitals, schools, and other infrastructures in full operation. Whether it's the construction of new infrastructures or the renovation and rehabilitation of existing ones, we are here to make our region more pleasant for all residents and visitors.<\/p>\n<p>Therefore, our vision is to become the reference company in the sector within the Algarve region through innovation, operational efficiency, and collaboration with other companies in the industry.<\/p>\n<\/div>\n<div class=\"right grid_5\">\n<p>To achieve this, we strive to specialize and become the best at what we do, ensuring greater efficiency in the services we provide. We seek to understand the theoretical and practical concepts inherent to our activity, which translates into higher-quality service for our clients, instilling a greater level of trust and providing opportunities for cost savings, resulting in more attractive prices for our customers.<\/p>\n<p>If you are looking for a construction company in the Algarve, contact us! <a href=\"https:\/\/goo.gl\/maps\/NrBKWEzPTTbEE6yDA\">Contact us!<\/a><\/p>\n<\/div>\n<p>Part of our vision is to make our company a reference in the sector within the Algarve region through innovation, operational efficiency, and collaboration with other companies in the industry.<\/p>\n<p><strong>Our values:<\/strong><\/p>\n<p>Solidity, integrity, and honesty. Commitment to quality and customer orientation. Environmental and social responsibility, and respect for all stakeholders: employees, suppliers, customers, financiers, partners, and society as a whole.<\/p>\n<p><strong>Company information:<\/strong><br \/>\nCompany name<br \/>\nNIF: 500 401 489<br \/>\nBilling and mailing address: S\u00edtio dos Vilarinhos, Cx.<br \/>\nPostal 928-A, 8150-063 S\u00e3o Br\u00e1s de Alportel<br \/>\nLicense  n\u00ba 1379<br \/>\nPhone: (00351) 289 84 27 65 (Cost of calling the national landline network)<br \/>\nE-mail: mail@relvasnunesluz.com<\/p>\n<div class=\"right grid_5\">\n<div class=\"jScrollPaneContainer\" tabindex=\"0\">\n<div class=\"scroll-pane\">\n<div class=\"clear\"><\/div>\n<\/div>\n<\/div>\n<\/div>\n<div class=\"right grid_6\"><\/div>\n<div class=\"left grid_6\"><\/div>\n<div id=\"page4\" class=\"page\">\n<div class=\"bg_content\">\n<div class=\"content\">\n<div class=\"left grid_6\"><\/div>\n<div class=\"clear\"><\/div>\n<\/div>\n<\/div>\n<\/div>","protected":false},"excerpt":{"rendered":"<p>Somos uma empresa de constru\u00e7\u00e3o no algarve e esta \u00e9 a nossa vis\u00e3o: As obras p\u00fablicas ser\u00e3o sempre necess\u00e1rias \u00e0 exist\u00eancia humana. S\u00e3o elas que nos permitem ter e manter as vias de comunica\u00e7\u00e3o, saneamento b\u00e1sico, redes de comunica\u00e7\u00e3o, hospitais, escolas e outras infra-estruturas em pleno funcionamento. Seja na constru\u00e7\u00e3o de novas infra-estruturas, seja na [&hellip;]<\/p>","protected":false},"author":1,"featured_media":44,"parent":0,"menu_order":0,"comment_status":"open","ping_status":"open","template":"","meta":{"footnotes":""},"class_list":["post-166","page","type-page","status-publish","has-post-thumbnail","hentry"],"yoast_head":"<!-- This site is optimized with the Yoast SEO plugin v27.4 - https:\/\/yoast.com\/product\/yoast-seo-wordpress\/ -->\n<title>Empresa de constru\u00e7\u00e3o no algarve - Relvas Nunes &amp; Luz, lda<\/title>\n<meta name=\"description\" content=\"Se procura uma Empresa de constru\u00e7\u00e3o no algarve, a Relvas Nunes e Luz \u00e9 a empresa indicada. A RNL \u00e9 uma empresa com mais de 45 anos!\" \/>\n<meta name=\"robots\" content=\"index, follow, max-snippet:-1, max-image-preview:large, max-video-preview:-1\" \/>\n<link rel=\"canonical\" href=\"https:\/\/relvasnunesluz.com\/en\/construction-company-in-algarve-rnl\/\" \/>\n<meta property=\"og:locale\" content=\"en_US\" \/>\n<meta property=\"og:type\" content=\"article\" \/>\n<meta property=\"og:title\" content=\"Empresa de constru\u00e7\u00e3o no algarve - Relvas Nunes &amp; Luz, lda\" \/>\n<meta property=\"og:description\" content=\"Se procura uma Empresa de constru\u00e7\u00e3o no algarve, a Relvas Nunes e Luz \u00e9 a empresa indicada. A RNL \u00e9 uma empresa com mais de 45 anos!\" \/>\n<meta property=\"og:url\" content=\"https:\/\/relvasnunesluz.com\/en\/construction-company-in-algarve-rnl\/\" \/>\n<meta property=\"og:site_name\" content=\"Relvas Nunes &amp; Luz, lda\" \/>\n<meta property=\"article:modified_time\" content=\"2023-02-18T13:55:24+00:00\" \/>\n<meta property=\"og:image\" content=\"https:\/\/relvasnunesluz.com\/wp-content\/uploads\/2015\/05\/slide37.jpg\" \/>\n\t<meta property=\"og:image:width\" content=\"990\" \/>\n\t<meta property=\"og:image:height\" content=\"510\" \/>\n\t<meta property=\"og:image:type\" content=\"image\/jpeg\" \/>\n<meta name=\"twitter:card\" content=\"summary_large_image\" \/>\n<meta name=\"twitter:label1\" content=\"Est. reading time\" \/>\n\t<meta name=\"twitter:data1\" content=\"2 minutes\" \/>\n<script type=\"application\/ld+json\" class=\"yoast-schema-graph\">{\"@context\":\"https:\\\/\\\/schema.org\",\"@graph\":[{\"@type\":\"WebPage\",\"@id\":\"https:\\\/\\\/relvasnunesluz.com\\\/empresa-de-construcao-no-algarve-rnl\\\/\",\"url\":\"https:\\\/\\\/relvasnunesluz.com\\\/empresa-de-construcao-no-algarve-rnl\\\/\",\"name\":\"Empresa de constru\u00e7\u00e3o no algarve - Relvas Nunes &amp; Luz, lda\",\"isPartOf\":{\"@id\":\"https:\\\/\\\/relvasnunesluz.com\\\/#website\"},\"primaryImageOfPage\":{\"@id\":\"https:\\\/\\\/relvasnunesluz.com\\\/empresa-de-construcao-no-algarve-rnl\\\/#primaryimage\"},\"image\":{\"@id\":\"https:\\\/\\\/relvasnunesluz.com\\\/empresa-de-construcao-no-algarve-rnl\\\/#primaryimage\"},\"thumbnailUrl\":\"https:\\\/\\\/relvasnunesluz.com\\\/wp-content\\\/uploads\\\/2015\\\/05\\\/slide37.jpg\",\"datePublished\":\"2015-05-04T22:56:49+00:00\",\"dateModified\":\"2023-02-18T13:55:24+00:00\",\"description\":\"Se procura uma Empresa de constru\u00e7\u00e3o no algarve, a Relvas Nunes e Luz \u00e9 a empresa indicada. A RNL \u00e9 uma empresa com mais de 45 anos!\",\"breadcrumb\":{\"@id\":\"https:\\\/\\\/relvasnunesluz.com\\\/empresa-de-construcao-no-algarve-rnl\\\/#breadcrumb\"},\"inLanguage\":\"en-US\",\"potentialAction\":[{\"@type\":\"ReadAction\",\"target\":[\"https:\\\/\\\/relvasnunesluz.com\\\/empresa-de-construcao-no-algarve-rnl\\\/\"]}]},{\"@type\":\"ImageObject\",\"inLanguage\":\"en-US\",\"@id\":\"https:\\\/\\\/relvasnunesluz.com\\\/empresa-de-construcao-no-algarve-rnl\\\/#primaryimage\",\"url\":\"https:\\\/\\\/relvasnunesluz.com\\\/wp-content\\\/uploads\\\/2015\\\/05\\\/slide37.jpg\",\"contentUrl\":\"https:\\\/\\\/relvasnunesluz.com\\\/wp-content\\\/uploads\\\/2015\\\/05\\\/slide37.jpg\",\"width\":990,\"height\":510,\"caption\":\"empresa de constru\u00e7\u00e3o no algarve\"},{\"@type\":\"BreadcrumbList\",\"@id\":\"https:\\\/\\\/relvasnunesluz.com\\\/empresa-de-construcao-no-algarve-rnl\\\/#breadcrumb\",\"itemListElement\":[{\"@type\":\"ListItem\",\"position\":1,\"name\":\"Home\",\"item\":\"https:\\\/\\\/relvasnunesluz.com\\\/\"},{\"@type\":\"ListItem\",\"position\":2,\"name\":\"Vis\u00e3o\"}]},{\"@type\":\"WebSite\",\"@id\":\"https:\\\/\\\/relvasnunesluz.com\\\/#website\",\"url\":\"https:\\\/\\\/relvasnunesluz.com\\\/\",\"name\":\"Relvas Nunes &amp; Luz, lda\",\"description\":\"Empresa de Constru\u00e7\u00e3o Civil\",\"potentialAction\":[{\"@type\":\"SearchAction\",\"target\":{\"@type\":\"EntryPoint\",\"urlTemplate\":\"https:\\\/\\\/relvasnunesluz.com\\\/?s={search_term_string}\"},\"query-input\":{\"@type\":\"PropertyValueSpecification\",\"valueRequired\":true,\"valueName\":\"search_term_string\"}}],\"inLanguage\":\"en-US\"}]}<\/script>\n<!-- \/ Yoast SEO plugin. -->","yoast_head_json":{"title":"Empresa de constru\u00e7\u00e3o no algarve - Relvas Nunes &amp; Luz, lda","description":"Se procura uma Empresa de constru\u00e7\u00e3o no algarve, a Relvas Nunes e Luz \u00e9 a empresa indicada. A RNL \u00e9 uma empresa com mais de 45 anos!","robots":{"index":"index","follow":"follow","max-snippet":"max-snippet:-1","max-image-preview":"max-image-preview:large","max-video-preview":"max-video-preview:-1"},"canonical":"https:\/\/relvasnunesluz.com\/en\/construction-company-in-algarve-rnl\/","og_locale":"en_US","og_type":"article","og_title":"Empresa de constru\u00e7\u00e3o no algarve - Relvas Nunes &amp; Luz, lda","og_description":"Se procura uma Empresa de constru\u00e7\u00e3o no algarve, a Relvas Nunes e Luz \u00e9 a empresa indicada. A RNL \u00e9 uma empresa com mais de 45 anos!","og_url":"https:\/\/relvasnunesluz.com\/en\/construction-company-in-algarve-rnl\/","og_site_name":"Relvas Nunes &amp; Luz, lda","article_modified_time":"2023-02-18T13:55:24+00:00","og_image":[{"width":990,"height":510,"url":"https:\/\/relvasnunesluz.com\/wp-content\/uploads\/2015\/05\/slide37.jpg","type":"image\/jpeg"}],"twitter_card":"summary_large_image","twitter_misc":{"Est. reading time":"2 minutes"},"schema":{"@context":"https:\/\/schema.org","@graph":[{"@type":"WebPage","@id":"https:\/\/relvasnunesluz.com\/empresa-de-construcao-no-algarve-rnl\/","url":"https:\/\/relvasnunesluz.com\/empresa-de-construcao-no-algarve-rnl\/","name":"Empresa de constru\u00e7\u00e3o no algarve - Relvas Nunes &amp; Luz, lda","isPartOf":{"@id":"https:\/\/relvasnunesluz.com\/#website"},"primaryImageOfPage":{"@id":"https:\/\/relvasnunesluz.com\/empresa-de-construcao-no-algarve-rnl\/#primaryimage"},"image":{"@id":"https:\/\/relvasnunesluz.com\/empresa-de-construcao-no-algarve-rnl\/#primaryimage"},"thumbnailUrl":"https:\/\/relvasnunesluz.com\/wp-content\/uploads\/2015\/05\/slide37.jpg","datePublished":"2015-05-04T22:56:49+00:00","dateModified":"2023-02-18T13:55:24+00:00","description":"Se procura uma Empresa de constru\u00e7\u00e3o no algarve, a Relvas Nunes e Luz \u00e9 a empresa indicada. A RNL \u00e9 uma empresa com mais de 45 anos!","breadcrumb":{"@id":"https:\/\/relvasnunesluz.com\/empresa-de-construcao-no-algarve-rnl\/#breadcrumb"},"inLanguage":"en-US","potentialAction":[{"@type":"ReadAction","target":["https:\/\/relvasnunesluz.com\/empresa-de-construcao-no-algarve-rnl\/"]}]},{"@type":"ImageObject","inLanguage":"en-US","@id":"https:\/\/relvasnunesluz.com\/empresa-de-construcao-no-algarve-rnl\/#primaryimage","url":"https:\/\/relvasnunesluz.com\/wp-content\/uploads\/2015\/05\/slide37.jpg","contentUrl":"https:\/\/relvasnunesluz.com\/wp-content\/uploads\/2015\/05\/slide37.jpg","width":990,"height":510,"caption":"empresa de constru\u00e7\u00e3o no algarve"},{"@type":"BreadcrumbList","@id":"https:\/\/relvasnunesluz.com\/empresa-de-construcao-no-algarve-rnl\/#breadcrumb","itemListElement":[{"@type":"ListItem","position":1,"name":"Home","item":"https:\/\/relvasnunesluz.com\/"},{"@type":"ListItem","position":2,"name":"Vis\u00e3o"}]},{"@type":"WebSite","@id":"https:\/\/relvasnunesluz.com\/#website","url":"https:\/\/relvasnunesluz.com\/","name":"Relvas Nunes &amp; Luz, lda","description":"Empresa de Constru\u00e7\u00e3o Civil","potentialAction":[{"@type":"SearchAction","target":{"@type":"EntryPoint","urlTemplate":"https:\/\/relvasnunesluz.com\/?s={search_term_string}"},"query-input":{"@type":"PropertyValueSpecification","valueRequired":true,"valueName":"search_term_string"}}],"inLanguage":"en-US"}]}},"_links":{"self":[{"href":"https:\/\/relvasnunesluz.com\/en\/wp-json\/wp\/v2\/pages\/166","targetHints":{"allow":["GET"]}}],"collection":[{"href":"https:\/\/relvasnunesluz.com\/en\/wp-json\/wp\/v2\/pages"}],"about":[{"href":"https:\/\/relvasnunesluz.com\/en\/wp-json\/wp\/v2\/types\/page"}],"author":[{"embeddable":true,"href":"https:\/\/relvasnunesluz.com\/en\/wp-json\/wp\/v2\/users\/1"}],"replies":[{"embeddable":true,"href":"https:\/\/relvasnunesluz.com\/en\/wp-json\/wp\/v2\/comments?post=166"}],"version-history":[{"count":6,"href":"https:\/\/relvasnunesluz.com\/en\/wp-json\/wp\/v2\/pages\/166\/revisions"}],"predecessor-version":[{"id":1056,"href":"https:\/\/relvasnunesluz.com\/en\/wp-json\/wp\/v2\/pages\/166\/revisions\/1056"}],"wp:featuredmedia":[{"embeddable":true,"href":"https:\/\/relvasnunesluz.com\/en\/wp-json\/wp\/v2\/media\/44"}],"wp:attachment":[{"href":"https:\/\/relvasnunesluz.com\/en\/wp-json\/wp\/v2\/media?parent=166"}],"curies":[{"name":"wp","href":"https:\/\/api.w.org\/{rel}","templated":true}]}}