{"id":158,"date":"2015-05-04T22:21:53","date_gmt":"2015-05-04T22:21:53","guid":{"rendered":"http:\/\/www.relvasnunesluz.com\/?page_id=158"},"modified":"2023-02-10T10:10:59","modified_gmt":"2023-02-10T10:10:59","slug":"empresa-especializada-em-escavacoes","status":"publish","type":"page","link":"https:\/\/relvasnunesluz.com\/en\/","title":{"rendered":"Home"},"content":{"rendered":"<p><script>\/\/ <![CDATA[\n(function(i,s,o,g,r,a,m){i['GoogleAnalyticsObject']=r;i[r]=i[r]||function(){<br \/>\n(i[r].q=i[r].q||[]).push(arguments)},i[r].l=1*new Date();a=s.createElement(o),<br \/>\nm=s.getElementsByTagName(o)[0];a.async=1;a.src=g;m.parentNode.insertBefore(a,m)<br \/>\n})(window,document,'script','\/\/www.google-analytics.com\/analytics.js','ga');<\/p>\n<p>ga('create', 'UA-63011801-1', 'auto');<br \/>\nga('send', 'pageview');<br \/>\n\/\/ ]]><\/script><\/p>\n\n\n<figure class=\"wp-block-gallery has-nested-images columns-2 is-cropped wp-block-gallery-1 is-layout-flex wp-block-gallery-is-layout-flex\">\n<figure class=\"wp-block-image\"><a href=\"https:\/\/relvasnunesluz.com\/en\/works\/\"><img loading=\"lazy\" decoding=\"async\" width=\"1024\" height=\"768\" data-id=\"605\" src=\"https:\/\/relvasnunesluz.com\/wp-content\/uploads\/2020\/03\/IMG_0162.jpg\" alt=\"\" class=\"wp-image-605\" srcset=\"https:\/\/relvasnunesluz.com\/wp-content\/uploads\/2020\/03\/IMG_0162.jpg 1024w, https:\/\/relvasnunesluz.com\/wp-content\/uploads\/2020\/03\/IMG_0162-300x225.jpg 300w, https:\/\/relvasnunesluz.com\/wp-content\/uploads\/2020\/03\/IMG_0162-768x576.jpg 768w\" sizes=\"auto, (max-width: 1024px) 100vw, 1024px\" \/><\/a><figcaption class=\"wp-element-caption\">Portuguese pavement and curbstones<\/figcaption><\/figure>\n\n\n\n<figure class=\"wp-block-image\"><a href=\"https:\/\/relvasnunesluz.com\/en\/works\/\"><img loading=\"lazy\" decoding=\"async\" width=\"1024\" height=\"768\" data-id=\"606\" src=\"https:\/\/relvasnunesluz.com\/wp-content\/uploads\/2020\/03\/IMG_1142.jpg\" alt=\"\" class=\"wp-image-606\" srcset=\"https:\/\/relvasnunesluz.com\/wp-content\/uploads\/2020\/03\/IMG_1142.jpg 1024w, https:\/\/relvasnunesluz.com\/wp-content\/uploads\/2020\/03\/IMG_1142-300x225.jpg 300w, https:\/\/relvasnunesluz.com\/wp-content\/uploads\/2020\/03\/IMG_1142-768x576.jpg 768w\" sizes=\"auto, (max-width: 1024px) 100vw, 1024px\" \/><\/a><figcaption class=\"wp-element-caption\"> Root correction and repairs in pavements <\/figcaption><\/figure>\n\n\n\n<figure class=\"wp-block-image\"><img loading=\"lazy\" decoding=\"async\" width=\"1024\" height=\"768\" data-id=\"607\" src=\"https:\/\/relvasnunesluz.com\/wp-content\/uploads\/2020\/03\/IMG_2009.jpg\" alt=\"\" class=\"wp-image-607\" srcset=\"https:\/\/relvasnunesluz.com\/wp-content\/uploads\/2020\/03\/IMG_2009.jpg 1024w, https:\/\/relvasnunesluz.com\/wp-content\/uploads\/2020\/03\/IMG_2009-300x225.jpg 300w, https:\/\/relvasnunesluz.com\/wp-content\/uploads\/2020\/03\/IMG_2009-768x576.jpg 768w\" sizes=\"auto, (max-width: 1024px) 100vw, 1024px\" \/><figcaption class=\"wp-element-caption\"> Cement pathways <\/figcaption><\/figure>\n\n\n\n<figure class=\"wp-block-image\"><img loading=\"lazy\" decoding=\"async\" width=\"1024\" height=\"768\" data-id=\"608\" src=\"https:\/\/relvasnunesluz.com\/wp-content\/uploads\/2020\/03\/IMG_3966.jpg\" alt=\"empresa especializada em escava\u00e7\u00f5es\" class=\"wp-image-608\" srcset=\"https:\/\/relvasnunesluz.com\/wp-content\/uploads\/2020\/03\/IMG_3966.jpg 1024w, https:\/\/relvasnunesluz.com\/wp-content\/uploads\/2020\/03\/IMG_3966-300x225.jpg 300w, https:\/\/relvasnunesluz.com\/wp-content\/uploads\/2020\/03\/IMG_3966-768x576.jpg 768w\" sizes=\"auto, (max-width: 1024px) 100vw, 1024px\" \/><figcaption class=\"wp-element-caption\"> Playgrounds <\/figcaption><\/figure>\n\n\n\n<figure class=\"wp-block-image\"><img loading=\"lazy\" decoding=\"async\" width=\"1024\" height=\"768\" data-id=\"719\" src=\"https:\/\/relvasnunesluz.com\/wp-content\/uploads\/2020\/03\/IMG_1618-1.jpg\" alt=\"\" class=\"wp-image-719\" srcset=\"https:\/\/relvasnunesluz.com\/wp-content\/uploads\/2020\/03\/IMG_1618-1.jpg 1024w, https:\/\/relvasnunesluz.com\/wp-content\/uploads\/2020\/03\/IMG_1618-1-300x225.jpg 300w, https:\/\/relvasnunesluz.com\/wp-content\/uploads\/2020\/03\/IMG_1618-1-768x576.jpg 768w\" sizes=\"auto, (max-width: 1024px) 100vw, 1024px\" \/><figcaption class=\"wp-element-caption\"> Asphalt pathways <\/figcaption><\/figure>\n\n\n\n<figure class=\"wp-block-image\"><img loading=\"lazy\" decoding=\"async\" width=\"1024\" height=\"768\" data-id=\"720\" src=\"https:\/\/relvasnunesluz.com\/wp-content\/uploads\/2020\/03\/IMG_8194-3.jpg\" alt=\"empresa especializada em escava\u00e7\u00f5es\" class=\"wp-image-720\" srcset=\"https:\/\/relvasnunesluz.com\/wp-content\/uploads\/2020\/03\/IMG_8194-3.jpg 1024w, https:\/\/relvasnunesluz.com\/wp-content\/uploads\/2020\/03\/IMG_8194-3-300x225.jpg 300w, https:\/\/relvasnunesluz.com\/wp-content\/uploads\/2020\/03\/IMG_8194-3-768x576.jpg 768w\" sizes=\"auto, (max-width: 1024px) 100vw, 1024px\" \/><figcaption class=\"wp-element-caption\"> Water supply networks <\/figcaption><\/figure>\n\n\n\n<figure class=\"wp-block-image\"><img loading=\"lazy\" decoding=\"async\" width=\"1024\" height=\"768\" data-id=\"722\" src=\"https:\/\/relvasnunesluz.com\/wp-content\/uploads\/2020\/03\/IMG_9407-1.jpg\" alt=\"empresa especializada em escava\u00e7\u00f5es\" class=\"wp-image-722\" srcset=\"https:\/\/relvasnunesluz.com\/wp-content\/uploads\/2020\/03\/IMG_9407-1.jpg 1024w, https:\/\/relvasnunesluz.com\/wp-content\/uploads\/2020\/03\/IMG_9407-1-300x225.jpg 300w, https:\/\/relvasnunesluz.com\/wp-content\/uploads\/2020\/03\/IMG_9407-1-768x576.jpg 768w\" sizes=\"auto, (max-width: 1024px) 100vw, 1024px\" \/><figcaption class=\"wp-element-caption\"> Stormwater networks <\/figcaption><\/figure>\n\n\n\n<figure class=\"wp-block-image\"><img loading=\"lazy\" decoding=\"async\" width=\"1024\" height=\"768\" data-id=\"730\" src=\"https:\/\/relvasnunesluz.com\/wp-content\/uploads\/2020\/03\/residuais.jpg\" alt=\"empresa especializada em escava\u00e7\u00f5es\" class=\"wp-image-730\" srcset=\"https:\/\/relvasnunesluz.com\/wp-content\/uploads\/2020\/03\/residuais.jpg 1024w, https:\/\/relvasnunesluz.com\/wp-content\/uploads\/2020\/03\/residuais-300x225.jpg 300w, https:\/\/relvasnunesluz.com\/wp-content\/uploads\/2020\/03\/residuais-768x576.jpg 768w\" sizes=\"auto, (max-width: 1024px) 100vw, 1024px\" \/><figcaption class=\"wp-element-caption\">Wastewater networks<\/figcaption><\/figure>\n<\/figure>\n\n\n\n\n\n<p>Relvas Nunes e Luz Lda. is a company with over 45 years of history, specializing in excavations and trenches, roads, streets, and sidewalks, underground water and sewage infrastructures, walls, gardens, and other exterior construction works. It operates mainly in the municipalities of S\u00e3o Br\u00e1s de Alportel, Loul\u00e9, Faro, Olh\u00e3o, Albufeira, Tavira, and Vila Real de Santo Ant\u00f3nio. The company is committed to delivering high-quality work within specified deadlines and costs. It has its own fleet of equipment and trucks, as well as experienced and dedicated teams.<\/p>\n\n\n\n<p><strong>Mission<\/strong> <\/p>\n\n\n\n<p>To construct and renovate roads, water and sanitation networks, green spaces, and other infrastructures with quality, within established deadlines and costs, while adhering to the best practices in the industry in terms of safety, quality, environmental preservation, and social responsibility. Our goal is to contribute to the improvement of residents' and visitors' quality of life in the region, environmental preservation, and safety.<\/p>","protected":false},"excerpt":{"rendered":"<p>A Relvas Nunes e Luz Lda. \u00e9 uma empresa com mais de 45 anos de hist\u00f3ria especializada em escava\u00e7\u00f5es e valas; estradas; arruamentos e passeios; infraestruturas enterradas de \u00e1gua e esgotos; muros, jardins e outros trabalhos de constru\u00e7\u00e3o no exterior. Desenvolve atividade principalmente nos concelhos de S\u00e3o Br\u00e1s de Alportel, Loul\u00e9, Faro, Olh\u00e3o, Albufeira, Tavira [&hellip;]<\/p>","protected":false},"author":1,"featured_media":0,"parent":0,"menu_order":0,"comment_status":"open","ping_status":"open","template":"homepage.php","meta":{"footnotes":""},"class_list":["post-158","page","type-page","status-publish","hentry"],"yoast_head":"<!-- This site is optimized with the Yoast SEO plugin v27.5 - https:\/\/yoast.com\/product\/yoast-seo-wordpress\/ -->\n<title>Empresa especializada em escava\u00e7\u00f5es - Relvas Nunes &amp; Luz<\/title>\n<meta name=\"description\" content=\"A Relvas Nunes e Luz Lda. \u00e9 uma empresa com mais de 45 anos de hist\u00f3ria especializada em escava\u00e7\u00f5es e valas; estradas; arruamentos e passeios.\" \/>\n<meta name=\"robots\" content=\"index, follow, max-snippet:-1, max-image-preview:large, max-video-preview:-1\" \/>\n<link rel=\"canonical\" href=\"https:\/\/relvasnunesluz.com\/en\/\" \/>\n<meta property=\"og:locale\" content=\"en_US\" \/>\n<meta property=\"og:type\" content=\"article\" \/>\n<meta property=\"og:title\" content=\"Empresa especializada em escava\u00e7\u00f5es - Relvas Nunes &amp; Luz\" \/>\n<meta property=\"og:description\" content=\"A Relvas Nunes e Luz Lda. \u00e9 uma empresa com mais de 45 anos de hist\u00f3ria especializada em escava\u00e7\u00f5es e valas; estradas; arruamentos e passeios.\" \/>\n<meta property=\"og:url\" content=\"https:\/\/relvasnunesluz.com\/en\/\" \/>\n<meta property=\"og:site_name\" content=\"Relvas Nunes &amp; Luz, lda\" \/>\n<meta property=\"article:modified_time\" content=\"2023-02-10T10:10:59+00:00\" \/>\n<meta property=\"og:image\" content=\"https:\/\/relvasnunesluz.com\/wp-content\/uploads\/2020\/03\/IMG_0162.jpg\" \/>\n<meta name=\"twitter:card\" content=\"summary_large_image\" \/>\n<meta name=\"twitter:label1\" content=\"Est. reading time\" \/>\n\t<meta name=\"twitter:data1\" content=\"3 minutes\" \/>\n<script type=\"application\/ld+json\" class=\"yoast-schema-graph\">{\"@context\":\"https:\\\/\\\/schema.org\",\"@graph\":[{\"@type\":\"WebPage\",\"@id\":\"https:\\\/\\\/relvasnunesluz.com\\\/\",\"url\":\"https:\\\/\\\/relvasnunesluz.com\\\/\",\"name\":\"Empresa especializada em escava\u00e7\u00f5es - Relvas Nunes & Luz\",\"isPartOf\":{\"@id\":\"https:\\\/\\\/relvasnunesluz.com\\\/#website\"},\"primaryImageOfPage\":{\"@id\":\"https:\\\/\\\/relvasnunesluz.com\\\/#primaryimage\"},\"image\":{\"@id\":\"https:\\\/\\\/relvasnunesluz.com\\\/#primaryimage\"},\"thumbnailUrl\":\"https:\\\/\\\/relvasnunesluz.com\\\/wp-content\\\/uploads\\\/2020\\\/03\\\/IMG_0162.jpg\",\"datePublished\":\"2015-05-04T22:21:53+00:00\",\"dateModified\":\"2023-02-10T10:10:59+00:00\",\"description\":\"A Relvas Nunes e Luz Lda. \u00e9 uma empresa com mais de 45 anos de hist\u00f3ria especializada em escava\u00e7\u00f5es e valas; estradas; arruamentos e passeios.\",\"breadcrumb\":{\"@id\":\"https:\\\/\\\/relvasnunesluz.com\\\/#breadcrumb\"},\"inLanguage\":\"en-US\",\"potentialAction\":[{\"@type\":\"ReadAction\",\"target\":[\"https:\\\/\\\/relvasnunesluz.com\\\/\"]}]},{\"@type\":\"ImageObject\",\"inLanguage\":\"en-US\",\"@id\":\"https:\\\/\\\/relvasnunesluz.com\\\/#primaryimage\",\"url\":\"https:\\\/\\\/relvasnunesluz.com\\\/wp-content\\\/uploads\\\/2020\\\/03\\\/IMG_0162.jpg\",\"contentUrl\":\"https:\\\/\\\/relvasnunesluz.com\\\/wp-content\\\/uploads\\\/2020\\\/03\\\/IMG_0162.jpg\"},{\"@type\":\"BreadcrumbList\",\"@id\":\"https:\\\/\\\/relvasnunesluz.com\\\/#breadcrumb\",\"itemListElement\":[{\"@type\":\"ListItem\",\"position\":1,\"name\":\"Home\",\"item\":\"https:\\\/\\\/relvasnunesluz.com\\\/\"},{\"@type\":\"ListItem\",\"position\":2,\"name\":\"In\u00edcio\"}]},{\"@type\":\"WebSite\",\"@id\":\"https:\\\/\\\/relvasnunesluz.com\\\/#website\",\"url\":\"https:\\\/\\\/relvasnunesluz.com\\\/\",\"name\":\"Relvas Nunes &amp; Luz, lda\",\"description\":\"Empresa de Constru\u00e7\u00e3o Civil\",\"potentialAction\":[{\"@type\":\"SearchAction\",\"target\":{\"@type\":\"EntryPoint\",\"urlTemplate\":\"https:\\\/\\\/relvasnunesluz.com\\\/?s={search_term_string}\"},\"query-input\":{\"@type\":\"PropertyValueSpecification\",\"valueRequired\":true,\"valueName\":\"search_term_string\"}}],\"inLanguage\":\"en-US\"}]}<\/script>\n<!-- \/ Yoast SEO plugin. -->","yoast_head_json":{"title":"Empresa especializada em escava\u00e7\u00f5es - Relvas Nunes & Luz","description":"A Relvas Nunes e Luz Lda. \u00e9 uma empresa com mais de 45 anos de hist\u00f3ria especializada em escava\u00e7\u00f5es e valas; estradas; arruamentos e passeios.","robots":{"index":"index","follow":"follow","max-snippet":"max-snippet:-1","max-image-preview":"max-image-preview:large","max-video-preview":"max-video-preview:-1"},"canonical":"https:\/\/relvasnunesluz.com\/en\/","og_locale":"en_US","og_type":"article","og_title":"Empresa especializada em escava\u00e7\u00f5es - Relvas Nunes & Luz","og_description":"A Relvas Nunes e Luz Lda. \u00e9 uma empresa com mais de 45 anos de hist\u00f3ria especializada em escava\u00e7\u00f5es e valas; estradas; arruamentos e passeios.","og_url":"https:\/\/relvasnunesluz.com\/en\/","og_site_name":"Relvas Nunes &amp; Luz, lda","article_modified_time":"2023-02-10T10:10:59+00:00","og_image":[{"url":"https:\/\/relvasnunesluz.com\/wp-content\/uploads\/2020\/03\/IMG_0162.jpg","type":"","width":"","height":""}],"twitter_card":"summary_large_image","twitter_misc":{"Est. reading time":"3 minutes"},"schema":{"@context":"https:\/\/schema.org","@graph":[{"@type":"WebPage","@id":"https:\/\/relvasnunesluz.com\/","url":"https:\/\/relvasnunesluz.com\/","name":"Empresa especializada em escava\u00e7\u00f5es - Relvas Nunes & Luz","isPartOf":{"@id":"https:\/\/relvasnunesluz.com\/#website"},"primaryImageOfPage":{"@id":"https:\/\/relvasnunesluz.com\/#primaryimage"},"image":{"@id":"https:\/\/relvasnunesluz.com\/#primaryimage"},"thumbnailUrl":"https:\/\/relvasnunesluz.com\/wp-content\/uploads\/2020\/03\/IMG_0162.jpg","datePublished":"2015-05-04T22:21:53+00:00","dateModified":"2023-02-10T10:10:59+00:00","description":"A Relvas Nunes e Luz Lda. \u00e9 uma empresa com mais de 45 anos de hist\u00f3ria especializada em escava\u00e7\u00f5es e valas; estradas; arruamentos e passeios.","breadcrumb":{"@id":"https:\/\/relvasnunesluz.com\/#breadcrumb"},"inLanguage":"en-US","potentialAction":[{"@type":"ReadAction","target":["https:\/\/relvasnunesluz.com\/"]}]},{"@type":"ImageObject","inLanguage":"en-US","@id":"https:\/\/relvasnunesluz.com\/#primaryimage","url":"https:\/\/relvasnunesluz.com\/wp-content\/uploads\/2020\/03\/IMG_0162.jpg","contentUrl":"https:\/\/relvasnunesluz.com\/wp-content\/uploads\/2020\/03\/IMG_0162.jpg"},{"@type":"BreadcrumbList","@id":"https:\/\/relvasnunesluz.com\/#breadcrumb","itemListElement":[{"@type":"ListItem","position":1,"name":"Home","item":"https:\/\/relvasnunesluz.com\/"},{"@type":"ListItem","position":2,"name":"In\u00edcio"}]},{"@type":"WebSite","@id":"https:\/\/relvasnunesluz.com\/#website","url":"https:\/\/relvasnunesluz.com\/","name":"Relvas Nunes &amp; Luz, lda","description":"Empresa de Constru\u00e7\u00e3o Civil","potentialAction":[{"@type":"SearchAction","target":{"@type":"EntryPoint","urlTemplate":"https:\/\/relvasnunesluz.com\/?s={search_term_string}"},"query-input":{"@type":"PropertyValueSpecification","valueRequired":true,"valueName":"search_term_string"}}],"inLanguage":"en-US"}]}},"_links":{"self":[{"href":"https:\/\/relvasnunesluz.com\/en\/wp-json\/wp\/v2\/pages\/158","targetHints":{"allow":["GET"]}}],"collection":[{"href":"https:\/\/relvasnunesluz.com\/en\/wp-json\/wp\/v2\/pages"}],"about":[{"href":"https:\/\/relvasnunesluz.com\/en\/wp-json\/wp\/v2\/types\/page"}],"author":[{"embeddable":true,"href":"https:\/\/relvasnunesluz.com\/en\/wp-json\/wp\/v2\/users\/1"}],"replies":[{"embeddable":true,"href":"https:\/\/relvasnunesluz.com\/en\/wp-json\/wp\/v2\/comments?post=158"}],"version-history":[{"count":22,"href":"https:\/\/relvasnunesluz.com\/en\/wp-json\/wp\/v2\/pages\/158\/revisions"}],"predecessor-version":[{"id":758,"href":"https:\/\/relvasnunesluz.com\/en\/wp-json\/wp\/v2\/pages\/158\/revisions\/758"}],"wp:attachment":[{"href":"https:\/\/relvasnunesluz.com\/en\/wp-json\/wp\/v2\/media?parent=158"}],"curies":[{"name":"wp","href":"https:\/\/api.w.org\/{rel}","templated":true}]}}