{"id":155,"date":"2015-05-04T22:20:56","date_gmt":"2015-05-04T22:20:56","guid":{"rendered":"http:\/\/www.relvasnunesluz.com\/?page_id=155"},"modified":"2024-06-17T14:25:06","modified_gmt":"2024-06-17T14:25:06","slug":"empresa-de-construcao-civil","status":"publish","type":"page","link":"https:\/\/relvasnunesluz.com\/en\/construction-company\/","title":{"rendered":"About"},"content":{"rendered":"<div id=\"apresentacao\">\n<h3><strong>Presentation<\/strong><\/h3>\n<\/p>\n<p>Relvas Nunes e Luz Lda. is a civil construction company with over 45 years of history, specializing in excavations and trenches, roads, streets, and sidewalks, underground water and sewage infrastructures, walls, gardens, and other exterior construction works. It operates mainly in the municipalities of <a href=\"https:\/\/goo.gl\/maps\/NrBKWEzPTTbEE6yDA\">S\u00e3o Br\u00e1s de Alportel<\/a>, Loul\u00e9, Faro, Olh\u00e3o, Albufeira, Tavira, and Vila Real de Santo Ant\u00f3nio. The company is committed to delivering high-quality work within specified deadlines and costs, and it possesses its own fleet of equipment and trucks, as well as experienced and dedicated teams.<\/p>\n<\/div>\n<h3><strong>Mission, Vision, and Values<\/strong><\/h3>\n<div id=\"missao\">\n<p><strong>Mission<\/strong><\/p>\n<p>To construct and renovate roads, water and sanitation networks, green spaces, and other infrastructures with quality, within established deadlines and costs, while adhering to the best practices in the industry in terms of safety, quality, environmental preservation, and social responsibility. Our goal is to contribute to the improvement of residents' and visitors' quality of life in the region, environmental preservation, and safety.<\/p>\n<\/div>\n<p><strong>Vision<\/strong><\/p>\n<p>To become the reference company in the Algarve region in our sector through innovation, operational efficiency, and collaboration with other companies in the industry.<\/p>\n<p><strong>Values<\/strong><\/p>\n<p>Solidity, integrity, and honesty. Commitment to quality and customer orientation. Environmental and social responsibility, and respect for all stakeholders: employees, suppliers, customers, financiers, partners, and society as a whole.<\/p>\n\n\n<p><strong>Company information:<\/strong><br> Company name<br> NIF: 500 401 489<br> Billing and mailing address: S\u00edtio dos Vilarinhos, Cx.<br> Postal 928-A, 8150-063 S\u00e3o Br\u00e1s de Alportel<br> License  n\u00ba 1379<br> Telefone: (00351) 289\u00a0842\u00a0765<br> Fax: (00351) 289 84 27 65<br> E-mail: mail@relvasnunesluz.com<\/p>","protected":false},"excerpt":{"rendered":"<p>Apresenta\u00e7\u00e3o A Relvas Nunes e Luz Lda. \u00e9 uma empresa de constru\u00e7\u00e3o civil com mais de 45 anos de hist\u00f3ria especializada em escava\u00e7\u00f5es e valas; estradas; arruamentos e passeios; infraestruturas enterradas de \u00e1gua e esgotos; muros, jardins e outros trabalhos de constru\u00e7\u00e3o no exterior. Desenvolve atividade principalmente nos concelhos de S\u00e3o Br\u00e1s de Alportel, Loul\u00e9, [&hellip;]<\/p>","protected":false},"author":1,"featured_media":11,"parent":0,"menu_order":0,"comment_status":"open","ping_status":"open","template":"","meta":{"footnotes":""},"class_list":["post-155","page","type-page","status-publish","has-post-thumbnail","hentry"],"yoast_head":"<!-- This site is optimized with the Yoast SEO plugin v27.3 - https:\/\/yoast.com\/product\/yoast-seo-wordpress\/ -->\n<title>Empresa de constru\u00e7\u00e3o civil - RNL<\/title>\n<meta name=\"description\" content=\"A Relvas Nunes e Luz Lda. \u00e9 uma empresa de constru\u00e7\u00e3o civil com mais de 45 anos de hist\u00f3ria especializada em escava\u00e7\u00f5es e valas; estradas; etc\" \/>\n<meta name=\"robots\" content=\"index, follow, max-snippet:-1, max-image-preview:large, max-video-preview:-1\" \/>\n<link rel=\"canonical\" href=\"https:\/\/relvasnunesluz.com\/en\/construction-company\/\" \/>\n<meta property=\"og:locale\" content=\"en_US\" \/>\n<meta property=\"og:type\" content=\"article\" \/>\n<meta property=\"og:title\" content=\"Empresa de constru\u00e7\u00e3o civil - RNL\" \/>\n<meta property=\"og:description\" content=\"A Relvas Nunes e Luz Lda. \u00e9 uma empresa de constru\u00e7\u00e3o civil com mais de 45 anos de hist\u00f3ria especializada em escava\u00e7\u00f5es e valas; estradas; etc\" \/>\n<meta property=\"og:url\" content=\"https:\/\/relvasnunesluz.com\/en\/construction-company\/\" \/>\n<meta property=\"og:site_name\" content=\"Relvas Nunes &amp; Luz, lda\" \/>\n<meta property=\"article:modified_time\" content=\"2024-06-17T14:25:06+00:00\" \/>\n<meta property=\"og:image\" content=\"https:\/\/relvasnunesluz.com\/wp-content\/uploads\/2015\/05\/slide2.jpg\" \/>\n\t<meta property=\"og:image:width\" content=\"990\" \/>\n\t<meta property=\"og:image:height\" content=\"510\" \/>\n\t<meta property=\"og:image:type\" content=\"image\/jpeg\" \/>\n<meta name=\"twitter:card\" content=\"summary_large_image\" \/>\n<meta name=\"twitter:label1\" content=\"Est. reading time\" \/>\n\t<meta name=\"twitter:data1\" content=\"2 minutes\" \/>\n<script type=\"application\/ld+json\" class=\"yoast-schema-graph\">{\"@context\":\"https:\\\/\\\/schema.org\",\"@graph\":[{\"@type\":\"WebPage\",\"@id\":\"https:\\\/\\\/relvasnunesluz.com\\\/empresa-de-construcao-civil\\\/\",\"url\":\"https:\\\/\\\/relvasnunesluz.com\\\/empresa-de-construcao-civil\\\/\",\"name\":\"Empresa de constru\u00e7\u00e3o civil - RNL\",\"isPartOf\":{\"@id\":\"https:\\\/\\\/relvasnunesluz.com\\\/#website\"},\"primaryImageOfPage\":{\"@id\":\"https:\\\/\\\/relvasnunesluz.com\\\/empresa-de-construcao-civil\\\/#primaryimage\"},\"image\":{\"@id\":\"https:\\\/\\\/relvasnunesluz.com\\\/empresa-de-construcao-civil\\\/#primaryimage\"},\"thumbnailUrl\":\"https:\\\/\\\/relvasnunesluz.com\\\/wp-content\\\/uploads\\\/2015\\\/05\\\/slide2.jpg\",\"datePublished\":\"2015-05-04T22:20:56+00:00\",\"dateModified\":\"2024-06-17T14:25:06+00:00\",\"description\":\"A Relvas Nunes e Luz Lda. \u00e9 uma empresa de constru\u00e7\u00e3o civil com mais de 45 anos de hist\u00f3ria especializada em escava\u00e7\u00f5es e valas; estradas; etc\",\"breadcrumb\":{\"@id\":\"https:\\\/\\\/relvasnunesluz.com\\\/empresa-de-construcao-civil\\\/#breadcrumb\"},\"inLanguage\":\"en-US\",\"potentialAction\":[{\"@type\":\"ReadAction\",\"target\":[\"https:\\\/\\\/relvasnunesluz.com\\\/empresa-de-construcao-civil\\\/\"]}]},{\"@type\":\"ImageObject\",\"inLanguage\":\"en-US\",\"@id\":\"https:\\\/\\\/relvasnunesluz.com\\\/empresa-de-construcao-civil\\\/#primaryimage\",\"url\":\"https:\\\/\\\/relvasnunesluz.com\\\/wp-content\\\/uploads\\\/2015\\\/05\\\/slide2.jpg\",\"contentUrl\":\"https:\\\/\\\/relvasnunesluz.com\\\/wp-content\\\/uploads\\\/2015\\\/05\\\/slide2.jpg\",\"width\":990,\"height\":510,\"caption\":\"Empresa de constru\u00e7\u00e3o cicil\"},{\"@type\":\"BreadcrumbList\",\"@id\":\"https:\\\/\\\/relvasnunesluz.com\\\/empresa-de-construcao-civil\\\/#breadcrumb\",\"itemListElement\":[{\"@type\":\"ListItem\",\"position\":1,\"name\":\"Home\",\"item\":\"https:\\\/\\\/relvasnunesluz.com\\\/\"},{\"@type\":\"ListItem\",\"position\":2,\"name\":\"Sobre\"}]},{\"@type\":\"WebSite\",\"@id\":\"https:\\\/\\\/relvasnunesluz.com\\\/#website\",\"url\":\"https:\\\/\\\/relvasnunesluz.com\\\/\",\"name\":\"Relvas Nunes &amp; Luz, lda\",\"description\":\"Empresa de Constru\u00e7\u00e3o Civil\",\"potentialAction\":[{\"@type\":\"SearchAction\",\"target\":{\"@type\":\"EntryPoint\",\"urlTemplate\":\"https:\\\/\\\/relvasnunesluz.com\\\/?s={search_term_string}\"},\"query-input\":{\"@type\":\"PropertyValueSpecification\",\"valueRequired\":true,\"valueName\":\"search_term_string\"}}],\"inLanguage\":\"en-US\"}]}<\/script>\n<!-- \/ Yoast SEO plugin. -->","yoast_head_json":{"title":"Construction Company in Algarve - RNL","description":"A Relvas Nunes e Luz Lda. \u00e9 uma empresa de constru\u00e7\u00e3o civil com mais de 45 anos de hist\u00f3ria especializada em escava\u00e7\u00f5es e valas; estradas; etc","robots":{"index":"index","follow":"follow","max-snippet":"max-snippet:-1","max-image-preview":"max-image-preview:large","max-video-preview":"max-video-preview:-1"},"canonical":"https:\/\/relvasnunesluz.com\/en\/construction-company\/","og_locale":"en_US","og_type":"article","og_title":"Empresa de constru\u00e7\u00e3o civil - RNL","og_description":"A Relvas Nunes e Luz Lda. \u00e9 uma empresa de constru\u00e7\u00e3o civil com mais de 45 anos de hist\u00f3ria especializada em escava\u00e7\u00f5es e valas; estradas; etc","og_url":"https:\/\/relvasnunesluz.com\/en\/construction-company\/","og_site_name":"Relvas Nunes &amp; Luz, lda","article_modified_time":"2024-06-17T14:25:06+00:00","og_image":[{"width":990,"height":510,"url":"https:\/\/relvasnunesluz.com\/wp-content\/uploads\/2015\/05\/slide2.jpg","type":"image\/jpeg"}],"twitter_card":"summary_large_image","twitter_misc":{"Est. reading time":"2 minutes"},"schema":{"@context":"https:\/\/schema.org","@graph":[{"@type":"WebPage","@id":"https:\/\/relvasnunesluz.com\/empresa-de-construcao-civil\/","url":"https:\/\/relvasnunesluz.com\/empresa-de-construcao-civil\/","name":"Construction Company in Algarve - RNL","isPartOf":{"@id":"https:\/\/relvasnunesluz.com\/#website"},"primaryImageOfPage":{"@id":"https:\/\/relvasnunesluz.com\/empresa-de-construcao-civil\/#primaryimage"},"image":{"@id":"https:\/\/relvasnunesluz.com\/empresa-de-construcao-civil\/#primaryimage"},"thumbnailUrl":"https:\/\/relvasnunesluz.com\/wp-content\/uploads\/2015\/05\/slide2.jpg","datePublished":"2015-05-04T22:20:56+00:00","dateModified":"2024-06-17T14:25:06+00:00","description":"A Relvas Nunes e Luz Lda. \u00e9 uma empresa de constru\u00e7\u00e3o civil com mais de 45 anos de hist\u00f3ria especializada em escava\u00e7\u00f5es e valas; estradas; etc","breadcrumb":{"@id":"https:\/\/relvasnunesluz.com\/empresa-de-construcao-civil\/#breadcrumb"},"inLanguage":"en-US","potentialAction":[{"@type":"ReadAction","target":["https:\/\/relvasnunesluz.com\/empresa-de-construcao-civil\/"]}]},{"@type":"ImageObject","inLanguage":"en-US","@id":"https:\/\/relvasnunesluz.com\/empresa-de-construcao-civil\/#primaryimage","url":"https:\/\/relvasnunesluz.com\/wp-content\/uploads\/2015\/05\/slide2.jpg","contentUrl":"https:\/\/relvasnunesluz.com\/wp-content\/uploads\/2015\/05\/slide2.jpg","width":990,"height":510,"caption":"Empresa de constru\u00e7\u00e3o cicil"},{"@type":"BreadcrumbList","@id":"https:\/\/relvasnunesluz.com\/empresa-de-construcao-civil\/#breadcrumb","itemListElement":[{"@type":"ListItem","position":1,"name":"Home","item":"https:\/\/relvasnunesluz.com\/"},{"@type":"ListItem","position":2,"name":"Sobre"}]},{"@type":"WebSite","@id":"https:\/\/relvasnunesluz.com\/#website","url":"https:\/\/relvasnunesluz.com\/","name":"Relvas Nunes &amp; Luz, lda","description":"Empresa de Constru\u00e7\u00e3o Civil","potentialAction":[{"@type":"SearchAction","target":{"@type":"EntryPoint","urlTemplate":"https:\/\/relvasnunesluz.com\/?s={search_term_string}"},"query-input":{"@type":"PropertyValueSpecification","valueRequired":true,"valueName":"search_term_string"}}],"inLanguage":"en-US"}]}},"_links":{"self":[{"href":"https:\/\/relvasnunesluz.com\/en\/wp-json\/wp\/v2\/pages\/155","targetHints":{"allow":["GET"]}}],"collection":[{"href":"https:\/\/relvasnunesluz.com\/en\/wp-json\/wp\/v2\/pages"}],"about":[{"href":"https:\/\/relvasnunesluz.com\/en\/wp-json\/wp\/v2\/types\/page"}],"author":[{"embeddable":true,"href":"https:\/\/relvasnunesluz.com\/en\/wp-json\/wp\/v2\/users\/1"}],"replies":[{"embeddable":true,"href":"https:\/\/relvasnunesluz.com\/en\/wp-json\/wp\/v2\/comments?post=155"}],"version-history":[{"count":22,"href":"https:\/\/relvasnunesluz.com\/en\/wp-json\/wp\/v2\/pages\/155\/revisions"}],"predecessor-version":[{"id":1411,"href":"https:\/\/relvasnunesluz.com\/en\/wp-json\/wp\/v2\/pages\/155\/revisions\/1411"}],"wp:featuredmedia":[{"embeddable":true,"href":"https:\/\/relvasnunesluz.com\/en\/wp-json\/wp\/v2\/media\/11"}],"wp:attachment":[{"href":"https:\/\/relvasnunesluz.com\/en\/wp-json\/wp\/v2\/media?parent=155"}],"curies":[{"name":"wp","href":"https:\/\/api.w.org\/{rel}","templated":true}]}}